{"id":1110,"date":"2018-08-31T13:05:51","date_gmt":"2018-08-31T16:05:51","guid":{"rendered":"https:\/\/ifdroca-rng.infd.edu.ar\/sitio\/profesorado-matematica\/"},"modified":"2026-03-20T14:59:02","modified_gmt":"2026-03-20T17:59:02","slug":"profesorado-matematica","status":"publish","type":"page","link":"https:\/\/ifdroca-rng.infd.edu.ar\/sitio\/profesorado-matematica\/","title":{"rendered":"Profesorado Matem\u00e1tica"},"content":{"rendered":"<p style=\"text-align: center;\">\n<\/p><h1><img decoding=\"async\" loading=\"lazy\" class=\"alignnone size-medium wp-image-4399\" src=\"https:\/\/ifdroca-rng.infd.edu.ar\/sitio\/wp-content\/uploads\/2023\/08\/PROF-MATEM-1000x223.png\" alt=\"\" width=\"1000\" height=\"223\" srcset=\"https:\/\/ifdroca-rng.infd.edu.ar\/sitio\/wp-content\/uploads\/2023\/08\/PROF-MATEM-1000x223.png 1000w, https:\/\/ifdroca-rng.infd.edu.ar\/sitio\/wp-content\/uploads\/2023\/08\/PROF-MATEM-1900x424.png 1900w, https:\/\/ifdroca-rng.infd.edu.ar\/sitio\/wp-content\/uploads\/2023\/08\/PROF-MATEM-768x172.png 768w, https:\/\/ifdroca-rng.infd.edu.ar\/sitio\/wp-content\/uploads\/2023\/08\/PROF-MATEM-1536x343.png 1536w, https:\/\/ifdroca-rng.infd.edu.ar\/sitio\/wp-content\/uploads\/2023\/08\/PROF-MATEM-2048x457.png 2048w\" sizes=\"(max-width: 1000px) 100vw, 1000px\" \/><\/h1>\n<h1 style=\"text-align: center;\"><span style=\"font-family: verdana, geneva; font-size: 12pt;\"><span data-path-to-node=\"11,1,0,0\"><b data-path-to-node=\"11,1,0,0\" data-index-in-node=\"0\">Modalidad de cursada<\/b><\/span><span data-path-to-node=\"11,1,1,0\"><b data-path-to-node=\"11,1,1,0\" data-index-in-node=\"0\">100% Presencial<\/b><\/span><\/span><\/h1>\n<h1 style=\"text-align: center;\"><span style=\"font-family: verdana, geneva; font-size: 12pt;\">DURACI\u00d3N: 4 A\u00d1OS<\/span><span style=\"font-family: verdana, geneva;\"><strong><span style=\"font-size: 12pt;\">&nbsp;<\/span><\/strong><\/span><\/h1>\n<p class=\"Pa5\" style=\"text-align: center;\"><em><span style=\"font-family: verdana, geneva; font-size: 10pt;\">El aprendizaje funcional de los n\u00facleos centrales de Matem\u00e1tica, el desarrollo de habilidades para aplicarlos y ense\u00f1arlos, es fundamental, no s\u00f3lo para que el futuro profesor logre una comprensi\u00f3n real de la disciplina, sino tambi\u00e9n para que luego, en su actividad profesional, pueda contribuir a formar ciudadanos cient\u00edficamente alfabetizados, cr\u00edticos del uso que se realiza de la ciencia.&nbsp; <\/span><span style=\"font-family: verdana, geneva; font-size: 10pt;\">El objetivo es la formaci\u00f3n de un docente comprometido con la disciplina y su ense\u00f1anza, que a la vez de promover buenos aprendizajes en sus estudiantes, tambi\u00e9n logre en ellos la comprensi\u00f3n de la disciplina. Que est\u00e9 preparado para participar activamente en la difusi\u00f3n de la matem\u00e1tica y para desper\u00adtar tempranas vocaciones por las ciencias y la tecnolog\u00eda, contribuyendo as\u00ed a la valoraci\u00f3n social de la matem\u00e1tica, tanto dentro como fuera del sistema educativo. <\/span><span style=\"font-family: verdana, geneva; font-size: 10pt;\">Se propone una formaci\u00f3n disciplinar te\u00f3rica y experimental, estrechamente acompa\u00f1ada por la adquisici\u00f3n del conocimiento pedag\u00f3gico espec\u00edfico, que tenga especialmente en cuenta los problemas de aprendizaje inherentes a cada uno de los n\u00facleos de matem\u00e1tica.&nbsp; <\/span><span style=\"font-family: verdana, geneva; font-size: 10pt;\">El Profesorado en Matem\u00e1tica debe asumir entonces la responsabilidad de una for\u00admaci\u00f3n disciplinar y pedag\u00f3gica fundamentada e integrada, que favorezca el de\u00adsarrollo de estos desempe\u00f1os, buscando garantizar el rol transformador pen\u00adsado&nbsp; para el futuro profesor.<\/span><\/em><\/p>\n<p><strong>Contacto:<\/strong>&nbsp;<a href=\"mailto:secretariaestudiantessecundaria@ifdcroca.edu.ar\">secretariaestudiantessecundaria@ifdcroca.edu.ar<\/a><\/p>\n\n\n<hr class=\"wp-block-separator alignfull has-alpha-channel-opacity\"\/>\n\n\n\n<h2 class=\"wp-block-heading has-text-align-center\">INFORMACI\u00d3N DE LA CARRERA<\/h2>\n\n\n\n<figure class=\"wp-block-gallery has-nested-images columns-default is-cropped wp-block-gallery-1 is-layout-flex\">\n<figure class=\"wp-block-image size-full\"><a href=\"https:\/\/ifdroca-rng.infd.edu.ar\/sitio\/wp-admin\/upload\/DC_PROFESORADO_MATEMATICA__16-11-15_3.pdf\" target=\"_blank\" rel=\"noreferrer noopener\"><img decoding=\"async\" loading=\"lazy\" width=\"500\" height=\"500\" data-id=\"4738\"  src=\"https:\/\/ifdroca-rng.infd.edu.ar\/sitio\/wp-content\/uploads\/2024\/02\/12-6.png\" alt=\"\" class=\"wp-image-4738\"\/><\/a><\/figure>\n\n\n\n<figure class=\"wp-block-image size-full\"><a href=\"https:\/\/drive.google.com\/file\/d\/1AymiIkTUs78NVKwD61VXFuZhtzVXgpnu\/view?usp=sharing\" target=\"_blank\" rel=\"noreferrer noopener\"><img decoding=\"async\" loading=\"lazy\" width=\"500\" height=\"500\" data-id=\"4737\"  src=\"https:\/\/ifdroca-rng.infd.edu.ar\/sitio\/wp-content\/uploads\/2024\/02\/12-2-5.png\" alt=\"\" class=\"wp-image-4737\"\/><\/a><\/figure>\n\n\n\n<figure class=\"wp-block-image size-large\"><a href=\"https:\/\/ifdroca-rng.infd.edu.ar\/sitio\/wp-content\/uploads\/2021\/06\/Mapa-Curricular-Matem%C3%A1tica.pdf\" target=\"_blank\" rel=\"noreferrer noopener\"><img decoding=\"async\" loading=\"lazy\" width=\"500\" height=\"500\" data-id=\"4556\"  src=\"https:\/\/ifdroca-rng.infd.edu.ar\/sitio\/wp-content\/uploads\/2023\/09\/12-9.png\" alt=\"\" class=\"wp-image-4556\"\/><\/a><\/figure>\n<\/figure>\n\n\n\n<hr class=\"wp-block-separator alignfull has-alpha-channel-opacity\"\/>\n\n\n\n<h2 class=\"wp-block-heading has-text-align-center\">INFORMACI\u00d3N DE LA CURSADA<\/h2>\n\n\n\n<figure class=\"wp-block-gallery has-nested-images columns-default is-cropped wp-block-gallery-3 is-layout-flex\">\n<figure class=\"wp-block-image size-full\"><a href=\"https:\/\/docs.google.com\/document\/d\/1MGIf5SyKe_0mAUjB4Rm2rCwQGuBE7pcg\/edit?usp=drive_link&amp;ouid=108342281374145831444&amp;rtpof=true&amp;sd=true\" target=\"_blank\" rel=\"noreferrer noopener\"><img decoding=\"async\" loading=\"lazy\" width=\"500\" height=\"500\" data-id=\"5804\"  src=\"https:\/\/ifdroca-rng.infd.edu.ar\/sitio\/wp-content\/uploads\/2026\/03\/cursada-2.png\" alt=\"\" class=\"wp-image-5804\"\/><\/a><\/figure>\n\n\n\n<figure class=\"wp-block-image size-full\"><a href=\"https:\/\/docs.google.com\/spreadsheets\/d\/1KcGEzKAdYUsWCcEc9x4hkVQvWvKECvT5bHnjGCJBoY4\/edit?gid=0#gid=0\"><img decoding=\"async\" loading=\"lazy\" width=\"500\" height=\"500\" data-id=\"5854\"  src=\"https:\/\/ifdroca-rng.infd.edu.ar\/sitio\/wp-content\/uploads\/2026\/03\/consultas-1.png\" alt=\"\" class=\"wp-image-5854\"\/><\/a><\/figure>\n\n\n\n<figure class=\"wp-block-image size-full\"><a href=\"https:\/\/docs.google.com\/spreadsheets\/d\/1dy0OhrHWg0HxnVHeIejpnA_N6-s2eU3Dq3Jz3xn5N9A\/edit?gid=1889540371#gid=1889540371\"><img decoding=\"async\" loading=\"lazy\" width=\"500\" height=\"500\" data-id=\"5692\"  src=\"https:\/\/ifdroca-rng.infd.edu.ar\/sitio\/wp-content\/uploads\/2026\/02\/finales-2.png\" alt=\"\" class=\"wp-image-5692\"\/><\/a><\/figure>\n<\/figure>\n","protected":false},"excerpt":{"rendered":"<p>Modalidad de cursada100% Presencial DURACI\u00d3N: 4 A\u00d1OS&nbsp; El aprendizaje funcional de los n\u00facleos centrales de Matem\u00e1tica, el desarrollo de habilidades para aplicarlos y ense\u00f1arlos, es fundamental, no s\u00f3lo para que el futuro profesor logre una comprensi\u00f3n real de la disciplina, sino tambi\u00e9n para que luego, en su actividad profesional, pueda contribuir a formar ciudadanos cient\u00edficamente &#8230; <a title=\"Profesorado Matem\u00e1tica\" class=\"read-more\" href=\"https:\/\/ifdroca-rng.infd.edu.ar\/sitio\/profesorado-matematica\/\" aria-label=\"More on Profesorado Matem\u00e1tica\">[+]<\/a><\/p>\n","protected":false},"author":521,"featured_media":0,"parent":0,"menu_order":0,"comment_status":"closed","ping_status":"closed","template":"","meta":[],"acf":[],"_links":{"self":[{"href":"https:\/\/ifdroca-rng.infd.edu.ar\/sitio\/wp-json\/wp\/v2\/pages\/1110"}],"collection":[{"href":"https:\/\/ifdroca-rng.infd.edu.ar\/sitio\/wp-json\/wp\/v2\/pages"}],"about":[{"href":"https:\/\/ifdroca-rng.infd.edu.ar\/sitio\/wp-json\/wp\/v2\/types\/page"}],"author":[{"embeddable":true,"href":"https:\/\/ifdroca-rng.infd.edu.ar\/sitio\/wp-json\/wp\/v2\/users\/521"}],"replies":[{"embeddable":true,"href":"https:\/\/ifdroca-rng.infd.edu.ar\/sitio\/wp-json\/wp\/v2\/comments?post=1110"}],"version-history":[{"count":78,"href":"https:\/\/ifdroca-rng.infd.edu.ar\/sitio\/wp-json\/wp\/v2\/pages\/1110\/revisions"}],"predecessor-version":[{"id":5875,"href":"https:\/\/ifdroca-rng.infd.edu.ar\/sitio\/wp-json\/wp\/v2\/pages\/1110\/revisions\/5875"}],"wp:attachment":[{"href":"https:\/\/ifdroca-rng.infd.edu.ar\/sitio\/wp-json\/wp\/v2\/media?parent=1110"}],"curies":[{"name":"wp","href":"https:\/\/api.w.org\/{rel}","templated":true}]}}