{"id":1112,"date":"2018-08-31T13:05:52","date_gmt":"2018-08-31T16:05:52","guid":{"rendered":"https:\/\/ifdroca-rng.infd.edu.ar\/sitio\/profesorado-fisica\/"},"modified":"2026-03-13T20:13:52","modified_gmt":"2026-03-13T23:13:52","slug":"profesorado-fisica","status":"publish","type":"page","link":"https:\/\/ifdroca-rng.infd.edu.ar\/sitio\/profesorado-fisica\/","title":{"rendered":"Profesorado F\u00edsica"},"content":{"rendered":"<p style=\"text-align: center;\"><img decoding=\"async\" loading=\"lazy\" class=\"alignnone size-medium wp-image-4397\" src=\"https:\/\/ifdroca-rng.infd.edu.ar\/sitio\/wp-content\/uploads\/2023\/08\/PROF-FISICA-1000x187.png\" alt=\"\" width=\"1000\" height=\"187\" srcset=\"https:\/\/ifdroca-rng.infd.edu.ar\/sitio\/wp-content\/uploads\/2023\/08\/PROF-FISICA-1000x187.png 1000w, https:\/\/ifdroca-rng.infd.edu.ar\/sitio\/wp-content\/uploads\/2023\/08\/PROF-FISICA-1900x356.png 1900w, https:\/\/ifdroca-rng.infd.edu.ar\/sitio\/wp-content\/uploads\/2023\/08\/PROF-FISICA-768x144.png 768w, https:\/\/ifdroca-rng.infd.edu.ar\/sitio\/wp-content\/uploads\/2023\/08\/PROF-FISICA-1536x288.png 1536w, https:\/\/ifdroca-rng.infd.edu.ar\/sitio\/wp-content\/uploads\/2023\/08\/PROF-FISICA-2048x384.png 2048w\" sizes=\"(max-width: 1000px) 100vw, 1000px\" \/><\/p>\n<h1 style=\"text-align: center;\"><span style=\"font-family: verdana, geneva; font-size: 12pt;\"><span data-path-to-node=\"11,1,0,0\"><b data-path-to-node=\"11,1,0,0\" data-index-in-node=\"0\">Modalidad de cursada<\/b><\/span><span data-path-to-node=\"11,1,1,0\"><b data-path-to-node=\"11,1,1,0\" data-index-in-node=\"0\">100% Presencial<\/b><\/span><\/span><\/h1>\n<h1 style=\"text-align: center;\"><span style=\"font-family: verdana, geneva; font-size: 12pt;\">DURACI\u00d3N: 4 A\u00d1OS<\/span><\/h1>\n<p style=\"text-align: center;\"><em><span style=\"font-family: verdana, geneva;\"><span style=\"font-size: 10pt;\">El objetivo primordial de la carrera es la formaci\u00f3n de Profesores de Educaci\u00f3n Secundaria en F\u00edsica comprometidos con la disciplina y su ense\u00f1anza, que logren promover buenos aprendizajes en sus estudiantes y la comprensi\u00f3n de la disciplina. A su vez, p<\/span><\/span><span style=\"font-size: 10pt; font-family: verdana, geneva;\">rofesores preparados para participar activamente en la difusi\u00f3n de la f\u00edsica y para despertar tempranas vocaciones por las ciencias y la tecnolog\u00eda, contribuyendo as\u00ed a la valoraci\u00f3n social de la f\u00edsica, tanto dentro como fuera del sistema educativo. <\/span><span style=\"font-size: 10pt; font-family: verdana, geneva;\">Se propone una formaci\u00f3n disciplinar te\u00f3rica y experimental, estrechamente acompa\u00f1ada por la adquisici\u00f3n del conocimiento pedag\u00f3gico espec\u00edfico, que tenga especialmente en cuenta los problemas de la ense\u00f1anza y el aprendizaje inherentes a cada uno de los n\u00facleos de f\u00edsica. <\/span><span style=\"font-size: 10pt; font-family: verdana, geneva;\">El Profesorado en F\u00edsica se orienta a que sus egresados&nbsp; asuman la responsabilidad de una formaci\u00f3n disciplinar y pedag\u00f3gica fundamentada e integrada, que&nbsp; garantice el rol transformador de la escuela secundaria.<\/span><\/em><\/p>\n<p><strong>Contacto:<\/strong>&nbsp;<a href=\"mailto:secretariaestudiantessecundaria@ifdcroca.edu.ar\">secretariaestudiantessecundaria@ifdcroca.edu.ar<\/a><\/p>\n\n\n<hr class=\"wp-block-separator alignfull has-alpha-channel-opacity\"\/>\n\n\n\n<h2 class=\"wp-block-heading has-text-align-center\">INFORMACI\u00d3N DE LA CARRERA<\/h2>\n\n\n\n<figure class=\"wp-block-gallery has-nested-images columns-default is-cropped wp-block-gallery-1 is-layout-flex\">\n<figure class=\"wp-block-image size-large\"><a href=\"https:\/\/ifdroca-rng.infd.edu.ar\/sitio\/diseno-curricular-fisica\/upload\/Fisica-ANEXO_I.pdf\" target=\"_blank\" rel=\"noreferrer noopener\"><img decoding=\"async\" loading=\"lazy\" width=\"500\" height=\"500\" data-id=\"4547\"  src=\"https:\/\/ifdroca-rng.infd.edu.ar\/sitio\/wp-content\/uploads\/2023\/09\/12-2-1.png\" alt=\"\" class=\"wp-image-4547\"\/><\/a><\/figure>\n\n\n\n<figure class=\"wp-block-image size-large\"><a href=\"https:\/\/drive.google.com\/file\/d\/1bky9NQ2p8fiI7drJ8jX4bIuasdCbQs6g\/view?usp=sharing\" target=\"_blank\" rel=\"noreferrer noopener\"><img decoding=\"async\" loading=\"lazy\" width=\"500\" height=\"500\" data-id=\"4546\"  src=\"https:\/\/ifdroca-rng.infd.edu.ar\/sitio\/wp-content\/uploads\/2023\/09\/12-3-1.png\" alt=\"\" class=\"wp-image-4546\"\/><\/a><\/figure>\n\n\n\n<figure class=\"wp-block-image size-large\"><a href=\"https:\/\/ifdroca-rng.infd.edu.ar\/sitio\/wp-content\/uploads\/2021\/06\/Mapa-Curricular-F%C3%ADsica.pdf\" target=\"_blank\" rel=\"noreferrer noopener\"><img decoding=\"async\" loading=\"lazy\" width=\"500\" height=\"500\" data-id=\"4545\"  src=\"https:\/\/ifdroca-rng.infd.edu.ar\/sitio\/wp-content\/uploads\/2023\/09\/12-7.png\" alt=\"\" class=\"wp-image-4545\"\/><\/a><\/figure>\n<\/figure>\n\n\n\n<hr class=\"wp-block-separator alignfull has-alpha-channel-opacity\"\/>\n\n\n\n<h2 class=\"wp-block-heading has-text-align-center\">INFORMACI\u00d3N DE LA CURSADA<\/h2>\n\n\n\n<figure class=\"wp-block-gallery has-nested-images columns-default is-cropped wp-block-gallery-3 is-layout-flex\">\n<figure class=\"wp-block-image size-full\"><a href=\"https:\/\/docs.google.com\/document\/d\/1G1--lnkTIdjJBpcvO2dY6I9Bdy0EvN2X\/edit?usp=drive_link&amp;ouid=108342281374145831444&amp;rtpof=true&amp;sd=true\" target=\"_blank\" rel=\"noreferrer noopener\"><img decoding=\"async\" loading=\"lazy\" width=\"500\" height=\"500\" data-id=\"5802\"  src=\"https:\/\/ifdroca-rng.infd.edu.ar\/sitio\/wp-content\/uploads\/2026\/03\/cursada-1.png\" alt=\"\" class=\"wp-image-5802\"\/><\/a><\/figure>\n\n\n\n<figure class=\"wp-block-image size-full\"><a href=\"https:\/\/docs.google.com\/spreadsheets\/d\/1dy0OhrHWg0HxnVHeIejpnA_N6-s2eU3Dq3Jz3xn5N9A\/edit?gid=1889540371#gid=1889540371\"><img decoding=\"async\" loading=\"lazy\" width=\"500\" height=\"500\" data-id=\"5684\"  src=\"https:\/\/ifdroca-rng.infd.edu.ar\/sitio\/wp-content\/uploads\/2026\/02\/finales.png\" alt=\"\" class=\"wp-image-5684\"\/><\/a><\/figure>\n\n\n\n<figure class=\"wp-block-image size-full\"><a href=\"https:\/\/docs.google.com\/spreadsheets\/d\/1KcGEzKAdYUsWCcEc9x4hkVQvWvKECvT5bHnjGCJBoY4\/edit?usp=sharing%A0\"><img decoding=\"async\" loading=\"lazy\" width=\"500\" height=\"500\" data-id=\"5852\"  src=\"https:\/\/ifdroca-rng.infd.edu.ar\/sitio\/wp-content\/uploads\/2026\/03\/consultas.png\" alt=\"\" class=\"wp-image-5852\"\/><\/a><\/figure>\n<\/figure>\n\n\n\n<p class=\"has-text-align-center\"><\/p>\n\n\n\n<p class=\"has-text-align-center\"><\/p>\n","protected":false},"excerpt":{"rendered":"<p>Modalidad de cursada100% Presencial DURACI\u00d3N: 4 A\u00d1OS El objetivo primordial de la carrera es la formaci\u00f3n de Profesores de Educaci\u00f3n Secundaria en F\u00edsica comprometidos con la disciplina y su ense\u00f1anza, que logren promover buenos aprendizajes en sus estudiantes y la comprensi\u00f3n de la disciplina. A su vez, profesores preparados para participar activamente en la difusi\u00f3n &#8230; <a title=\"Profesorado F\u00edsica\" class=\"read-more\" href=\"https:\/\/ifdroca-rng.infd.edu.ar\/sitio\/profesorado-fisica\/\" aria-label=\"More on Profesorado F\u00edsica\">[+]<\/a><\/p>\n","protected":false},"author":521,"featured_media":0,"parent":0,"menu_order":0,"comment_status":"closed","ping_status":"closed","template":"","meta":[],"acf":[],"_links":{"self":[{"href":"https:\/\/ifdroca-rng.infd.edu.ar\/sitio\/wp-json\/wp\/v2\/pages\/1112"}],"collection":[{"href":"https:\/\/ifdroca-rng.infd.edu.ar\/sitio\/wp-json\/wp\/v2\/pages"}],"about":[{"href":"https:\/\/ifdroca-rng.infd.edu.ar\/sitio\/wp-json\/wp\/v2\/types\/page"}],"author":[{"embeddable":true,"href":"https:\/\/ifdroca-rng.infd.edu.ar\/sitio\/wp-json\/wp\/v2\/users\/521"}],"replies":[{"embeddable":true,"href":"https:\/\/ifdroca-rng.infd.edu.ar\/sitio\/wp-json\/wp\/v2\/comments?post=1112"}],"version-history":[{"count":92,"href":"https:\/\/ifdroca-rng.infd.edu.ar\/sitio\/wp-json\/wp\/v2\/pages\/1112\/revisions"}],"predecessor-version":[{"id":5853,"href":"https:\/\/ifdroca-rng.infd.edu.ar\/sitio\/wp-json\/wp\/v2\/pages\/1112\/revisions\/5853"}],"wp:attachment":[{"href":"https:\/\/ifdroca-rng.infd.edu.ar\/sitio\/wp-json\/wp\/v2\/media?parent=1112"}],"curies":[{"name":"wp","href":"https:\/\/api.w.org\/{rel}","templated":true}]}}