{"id":1114,"date":"2018-08-31T13:05:53","date_gmt":"2018-08-31T16:05:53","guid":{"rendered":"https:\/\/ifdroca-rng.infd.edu.ar\/sitio\/profesorado-quimica\/"},"modified":"2026-03-13T20:22:44","modified_gmt":"2026-03-13T23:22:44","slug":"profesorado-quimica","status":"publish","type":"page","link":"https:\/\/ifdroca-rng.infd.edu.ar\/sitio\/profesorado-quimica\/","title":{"rendered":"Profesorado Qu\u00edmica"},"content":{"rendered":"<p style=\"text-align: center;\"><img decoding=\"async\" loading=\"lazy\" class=\"alignnone size-medium wp-image-4401\" src=\"https:\/\/ifdroca-rng.infd.edu.ar\/sitio\/wp-content\/uploads\/2023\/08\/PROF-QUIMICA-1000x231.png\" alt=\"\" width=\"1000\" height=\"231\" srcset=\"https:\/\/ifdroca-rng.infd.edu.ar\/sitio\/wp-content\/uploads\/2023\/08\/PROF-QUIMICA-1000x231.png 1000w, https:\/\/ifdroca-rng.infd.edu.ar\/sitio\/wp-content\/uploads\/2023\/08\/PROF-QUIMICA-1900x440.png 1900w, https:\/\/ifdroca-rng.infd.edu.ar\/sitio\/wp-content\/uploads\/2023\/08\/PROF-QUIMICA-768x178.png 768w, https:\/\/ifdroca-rng.infd.edu.ar\/sitio\/wp-content\/uploads\/2023\/08\/PROF-QUIMICA-1536x355.png 1536w, https:\/\/ifdroca-rng.infd.edu.ar\/sitio\/wp-content\/uploads\/2023\/08\/PROF-QUIMICA-2048x474.png 2048w\" sizes=\"(max-width: 1000px) 100vw, 1000px\" \/><\/p>\n<h1 style=\"text-align: center;\"><span style=\"font-family: verdana, geneva; font-size: 12pt;\"><span data-path-to-node=\"11,1,0,0\"><b data-path-to-node=\"11,1,0,0\" data-index-in-node=\"0\">Modalidad de cursada<\/b><\/span><span data-path-to-node=\"11,1,1,0\"><b data-path-to-node=\"11,1,1,0\" data-index-in-node=\"0\">100% Presencial<\/b><\/span><\/span><\/h1>\n<h1 style=\"text-align: center;\"><span style=\"font-family: verdana, geneva; font-size: 12pt;\">DURACI\u00d3N: 4 A\u00d1OS<\/span><span style=\"font-family: verdana, geneva; font-size: 12pt;\"><strong>&nbsp;<\/strong><\/span><\/h1>\n<p style=\"text-align: center;\"><em><span style=\"font-family: verdana, geneva; font-size: 10pt; text-align: justify;\">El objetivo primordial de la carrera es la formaci\u00f3n de Profesores de Educaci\u00f3n Secundaria en Qu\u00edmica comprometidos con la disciplina y su ense\u00f1anza, que logren promover buenos aprendizajes en sus estudiantes y&nbsp; la comprensi\u00f3n de la disciplina. <\/span><span style=\"font-size: 10pt; font-family: verdana, geneva;\">Profesores preparados para participar activamente en la difusi\u00f3n de la qu\u00edmica y para despertar tempranas vocaciones por las ciencias y la tecnolog\u00eda, contribuyendo as\u00ed a la valoraci\u00f3n social de la qu\u00edmica, tanto dentro como fuera del sistema educativo. S<\/span><span style=\"font-size: 10pt; font-family: verdana, geneva;\">e propone una formaci\u00f3n disciplinar te\u00f3rica y experimental, estrechamente acompa\u00f1ada por la adquisici\u00f3n del conocimiento pedag\u00f3gico espec\u00edfico, que tenga especialmente en cuenta los problemas de la ense\u00f1anza y el aprendizaje inherentes a cada uno de los n\u00facleos de qu\u00edmica.&nbsp; <\/span><span style=\"font-size: 10pt; font-family: verdana, geneva;\">El Profesorado en Qu\u00edmica se orienta a que sus egresados&nbsp; asuman la responsabilidad de una formaci\u00f3n disciplinar y pedag\u00f3gica fundamentada e integrada, que garantice el rol transformador del nivel medio.<\/span><\/em><\/p>\n<p><strong>Contacto:<\/strong>&nbsp;<a href=\"mailto:secretariaestudiantessecundaria@ifdcroca.edu.ar\">secretariaestudiantessecundaria@ifdcroca.edu.ar<\/a><\/p>\n\n\n<hr class=\"wp-block-separator alignfull has-alpha-channel-opacity\"\/>\n\n\n\n<h2 class=\"wp-block-heading has-text-align-center\">INFORMACI\u00d3N DE LA CARRERA<\/h2>\n\n\n\n<figure class=\"wp-block-gallery has-nested-images columns-default is-cropped wp-block-gallery-1 is-layout-flex\">\n<figure class=\"wp-block-image size-large\"><a href=\"https:\/\/ifdroca-rng.infd.edu.ar\/sitio\/wp-content\/uploads\/2021\/06\/Mapa-Curricular-Qu%C3%ADmica.pdf\" target=\"_blank\" rel=\"noreferrer noopener\"><img decoding=\"async\" loading=\"lazy\" width=\"500\" height=\"500\" data-id=\"4552\"  src=\"https:\/\/ifdroca-rng.infd.edu.ar\/sitio\/wp-content\/uploads\/2023\/09\/12-8.png\" alt=\"\" class=\"wp-image-4552\"\/><\/a><\/figure>\n\n\n\n<figure class=\"wp-block-image size-full\"><a href=\"https:\/\/drive.google.com\/file\/d\/1bw5u8V-DvhNN1QC4BunAATVgthIvz0u2\/view?usp=sharing\" target=\"_blank\" rel=\"noreferrer noopener\"><img decoding=\"async\" loading=\"lazy\" width=\"500\" height=\"500\" data-id=\"4715\"  src=\"https:\/\/ifdroca-rng.infd.edu.ar\/sitio\/wp-content\/uploads\/2024\/02\/12-5.png\" alt=\"\" class=\"wp-image-4715\"\/><\/a><\/figure>\n\n\n\n<figure class=\"wp-block-image size-large\"><a href=\"https:\/\/ifdroca-rng.infd.edu.ar\/sitio\/diseno-curricular-quimica\/upload\/Quimica-ANEXO_I.pdf\" target=\"_blank\" rel=\"noreferrer noopener\"><img decoding=\"async\" loading=\"lazy\" width=\"500\" height=\"500\" data-id=\"4672\"  src=\"https:\/\/ifdroca-rng.infd.edu.ar\/sitio\/wp-content\/uploads\/2023\/12\/12.png\" alt=\"\" class=\"wp-image-4672\"\/><\/a><\/figure>\n<\/figure>\n\n\n\n<hr class=\"wp-block-separator alignfull has-alpha-channel-opacity\"\/>\n\n\n\n<h2 class=\"wp-block-heading has-text-align-center\">INFORMACI\u00d3N DE LA CURSADA<\/h2>\n\n\n\n<figure class=\"wp-block-gallery has-nested-images columns-default is-cropped wp-block-gallery-3 is-layout-flex\">\n<figure class=\"wp-block-image size-full\"><a href=\"https:\/\/docs.google.com\/document\/d\/1iHILTJeTutV-yLMgKeEF_jvM_ejqldT9\/edit?usp=drive_link&amp;ouid=108342281374145831444&amp;rtpof=true&amp;sd=true\" target=\"_blank\" rel=\"noreferrer noopener\"><img decoding=\"async\" loading=\"lazy\" width=\"500\" height=\"500\" data-id=\"5806\"  src=\"https:\/\/ifdroca-rng.infd.edu.ar\/sitio\/wp-content\/uploads\/2026\/03\/cursada-3.png\" alt=\"\" class=\"wp-image-5806\"\/><\/a><\/figure>\n\n\n\n<figure class=\"wp-block-image size-full\"><a href=\"https:\/\/docs.google.com\/spreadsheets\/d\/1dy0OhrHWg0HxnVHeIejpnA_N6-s2eU3Dq3Jz3xn5N9A\/edit?gid=1889540371#gid=1889540371\"><img decoding=\"async\" loading=\"lazy\" width=\"500\" height=\"500\" data-id=\"5696\"  src=\"https:\/\/ifdroca-rng.infd.edu.ar\/sitio\/wp-content\/uploads\/2026\/02\/finales-3.png\" alt=\"\" class=\"wp-image-5696\"\/><\/a><\/figure>\n\n\n\n<figure class=\"wp-block-image size-full\"><a href=\"https:\/\/docs.google.com\/spreadsheets\/d\/1KcGEzKAdYUsWCcEc9x4hkVQvWvKECvT5bHnjGCJBoY4\/edit?usp=sharing%A0\"><img decoding=\"async\" loading=\"lazy\" width=\"500\" height=\"500\" data-id=\"5856\"  src=\"https:\/\/ifdroca-rng.infd.edu.ar\/sitio\/wp-content\/uploads\/2026\/03\/consultas-2.png\" alt=\"\" class=\"wp-image-5856\"\/><\/a><\/figure>\n<\/figure>\n\n\n\n<p><\/p>\n","protected":false},"excerpt":{"rendered":"<p>Modalidad de cursada100% Presencial DURACI\u00d3N: 4 A\u00d1OS&nbsp; El objetivo primordial de la carrera es la formaci\u00f3n de Profesores de Educaci\u00f3n Secundaria en Qu\u00edmica comprometidos con la disciplina y su ense\u00f1anza, que logren promover buenos aprendizajes en sus estudiantes y&nbsp; la comprensi\u00f3n de la disciplina. Profesores preparados para participar activamente en la difusi\u00f3n de la qu\u00edmica &#8230; <a title=\"Profesorado Qu\u00edmica\" class=\"read-more\" href=\"https:\/\/ifdroca-rng.infd.edu.ar\/sitio\/profesorado-quimica\/\" aria-label=\"More on Profesorado Qu\u00edmica\">[+]<\/a><\/p>\n","protected":false},"author":521,"featured_media":0,"parent":0,"menu_order":0,"comment_status":"closed","ping_status":"closed","template":"","meta":[],"acf":[],"_links":{"self":[{"href":"https:\/\/ifdroca-rng.infd.edu.ar\/sitio\/wp-json\/wp\/v2\/pages\/1114"}],"collection":[{"href":"https:\/\/ifdroca-rng.infd.edu.ar\/sitio\/wp-json\/wp\/v2\/pages"}],"about":[{"href":"https:\/\/ifdroca-rng.infd.edu.ar\/sitio\/wp-json\/wp\/v2\/types\/page"}],"author":[{"embeddable":true,"href":"https:\/\/ifdroca-rng.infd.edu.ar\/sitio\/wp-json\/wp\/v2\/users\/521"}],"replies":[{"embeddable":true,"href":"https:\/\/ifdroca-rng.infd.edu.ar\/sitio\/wp-json\/wp\/v2\/comments?post=1114"}],"version-history":[{"count":75,"href":"https:\/\/ifdroca-rng.infd.edu.ar\/sitio\/wp-json\/wp\/v2\/pages\/1114\/revisions"}],"predecessor-version":[{"id":5857,"href":"https:\/\/ifdroca-rng.infd.edu.ar\/sitio\/wp-json\/wp\/v2\/pages\/1114\/revisions\/5857"}],"wp:attachment":[{"href":"https:\/\/ifdroca-rng.infd.edu.ar\/sitio\/wp-json\/wp\/v2\/media?parent=1114"}],"curies":[{"name":"wp","href":"https:\/\/api.w.org\/{rel}","templated":true}]}}