{"id":1128,"date":"2018-08-31T13:05:59","date_gmt":"2018-08-31T16:05:59","guid":{"rendered":"https:\/\/ifdroca-rng.infd.edu.ar\/sitio\/profesorado-primaria\/"},"modified":"2026-03-17T11:43:49","modified_gmt":"2026-03-17T14:43:49","slug":"profesorado-primaria","status":"publish","type":"page","link":"https:\/\/ifdroca-rng.infd.edu.ar\/sitio\/profesorado-primaria\/","title":{"rendered":"Profesorado Primaria"},"content":{"rendered":"<p style=\"text-align: center;\"><img decoding=\"async\" loading=\"lazy\" class=\"alignnone size-medium wp-image-4392\" src=\"https:\/\/ifdroca-rng.infd.edu.ar\/sitio\/wp-content\/uploads\/2023\/08\/PROF-PRIMARIA-1-1-1000x245.png\" alt=\"\" width=\"1000\" height=\"245\" srcset=\"https:\/\/ifdroca-rng.infd.edu.ar\/sitio\/wp-content\/uploads\/2023\/08\/PROF-PRIMARIA-1-1-1000x245.png 1000w, https:\/\/ifdroca-rng.infd.edu.ar\/sitio\/wp-content\/uploads\/2023\/08\/PROF-PRIMARIA-1-1-1900x465.png 1900w, https:\/\/ifdroca-rng.infd.edu.ar\/sitio\/wp-content\/uploads\/2023\/08\/PROF-PRIMARIA-1-1-768x188.png 768w, https:\/\/ifdroca-rng.infd.edu.ar\/sitio\/wp-content\/uploads\/2023\/08\/PROF-PRIMARIA-1-1-1536x376.png 1536w, https:\/\/ifdroca-rng.infd.edu.ar\/sitio\/wp-content\/uploads\/2023\/08\/PROF-PRIMARIA-1-1-2048x501.png 2048w\" sizes=\"(max-width: 1000px) 100vw, 1000px\" \/><\/p>\n<h5 style=\"text-align: center;\"><span data-path-to-node=\"11,1,0,0\"><b data-path-to-node=\"11,1,0,0\" data-index-in-node=\"0\">Modalidad de cursada<\/b><\/span><span data-path-to-node=\"11,1,1,0\"><b data-path-to-node=\"11,1,1,0\" data-index-in-node=\"0\">100% Presencial<\/b><\/span><\/h5>\n<h1 style=\"text-align: center;\"><span style=\"font-family: verdana, geneva; font-size: 12pt;\">DURACI\u00d3N: 4 A\u00d1OS<\/span><span style=\"font-size: 12pt;\"><strong style=\"font-family: verdana, geneva; text-align: center;\">&nbsp;<\/strong><\/span><\/h1>\n<p style=\"text-align: center;\"><em>En esta carrera se forman Profesores de Educaci\u00f3n Primaria que desde y en el ejercicio de la docencia logren actuar con fundamentos e instrumentos para trabajar en la Comunidad Educativa. <\/em><em>Es uno de los prop\u00f3sitos primordiales de la formaci\u00f3n inicial promover la capacidad para reflexionar cr\u00edticamente sobre los aspectos te\u00f3ricos, pol\u00edticos e ideol\u00f3gicos de las distintas concepciones educativas vigentes y de las t\u00e9cnicas metodol\u00f3gicas utilizadas en la pr\u00e1ctica. <\/em><em>En este sentido, posibilitar el desarrollo de un egresado que sea capaz de analizar cr\u00edticamente la realidad social y educativa, con actitudes democr\u00e1ticas frente a la actividad social, con disposici\u00f3n para buscar estrategias alternativas tendientes a lograr su actualizaci\u00f3n permanente.<\/em><\/p>\n<p><strong>Contacto:<\/strong>&nbsp;<a href=\"mailto:secretariaestudiantesprimaria@ifdcroca.edu.ar\">secretariaestudiantesprimaria@ifdcroca.edu.ar<\/a><\/p>\n\n\n<hr class=\"wp-block-separator alignfull has-alpha-channel-opacity\"\/>\n\n\n\n<h2 class=\"wp-block-heading alignwide has-text-align-center\">INFORMACI\u00d3N DE LA CARRERA<\/h2>\n\n\n\n<figure class=\"wp-block-gallery has-nested-images columns-default is-cropped wp-block-gallery-1 is-layout-flex\">\n<figure class=\"wp-block-image size-large\"><a href=\"https:\/\/ifdroca-rng.infd.edu.ar\/sitio\/wp-content\/uploads\/sitio\/Disen_o_Curricular_PROFESORADO_PRIMARIA__nuevo.pdf\" target=\"_blank\" rel=\"noreferrer noopener\"><img decoding=\"async\" loading=\"lazy\" width=\"500\" height=\"500\" data-id=\"4536\"  src=\"https:\/\/ifdroca-rng.infd.edu.ar\/sitio\/wp-content\/uploads\/2023\/09\/12-2.png\" alt=\"\" class=\"wp-image-4536\"\/><\/a><\/figure>\n\n\n\n<figure class=\"wp-block-image size-large\"><a href=\"https:\/\/drive.google.com\/file\/d\/1I_ax6wZgv1FJU5QW9qLDVMBODe_eA3zI\/view?usp=sharing\" target=\"_blank\" rel=\"noreferrer noopener\"><img decoding=\"async\" loading=\"lazy\" width=\"500\" height=\"500\" data-id=\"4535\"  src=\"https:\/\/ifdroca-rng.infd.edu.ar\/sitio\/wp-content\/uploads\/2023\/09\/12-3.png\" alt=\"\" class=\"wp-image-4535\"\/><\/a><\/figure>\n\n\n\n<figure class=\"wp-block-image size-large\"><a href=\"https:\/\/ifdroca-rng.infd.edu.ar\/sitio\/wp-content\/uploads\/2025\/03\/Mapa_curricula_primaria_Nuevo.pdf\" target=\"_blank\" rel=\"noreferrer noopener\"><img decoding=\"async\" loading=\"lazy\" width=\"500\" height=\"500\" data-id=\"4537\"  src=\"https:\/\/ifdroca-rng.infd.edu.ar\/sitio\/wp-content\/uploads\/2023\/09\/12-1.png\" alt=\"\" class=\"wp-image-4537\"\/><\/a><\/figure>\n<\/figure>\n\n\n\n<hr class=\"wp-block-separator alignfull has-alpha-channel-opacity\"\/>\n\n\n\n<h2 class=\"wp-block-heading has-text-align-center\"><strong>INFORMACI\u00d3N DE CURSADAS<\/strong><\/h2>\n\n\n\n<figure class=\"wp-block-gallery has-nested-images columns-default is-cropped wp-block-gallery-3 is-layout-flex\">\n<figure class=\"wp-block-image size-full\"><a href=\"https:\/\/docs.google.com\/spreadsheets\/d\/1CKNPKJf4BHSn0LKfNyzLi6A_xfvrDO6i\/edit?usp=sharing&amp;ouid=102492583321033596968&amp;rtpof=true&amp;sd=true\"><img decoding=\"async\" loading=\"lazy\" width=\"500\" height=\"500\" data-id=\"5861\"  src=\"https:\/\/ifdroca-rng.infd.edu.ar\/sitio\/wp-content\/uploads\/2026\/03\/consultas-3.png\" alt=\"\" class=\"wp-image-5861\"\/><\/a><\/figure>\n\n\n\n<figure class=\"wp-block-image size-full\"><a href=\"https:\/\/docs.google.com\/document\/d\/1o73Xwhe_IakqtE0nyO1ool-8-bnd7Yft\/edit?usp=sharing&amp;ouid=115612474386989537436&amp;rtpof=true&amp;sd=true\" target=\"_blank\" rel=\"noreferrer noopener\"><img decoding=\"async\" loading=\"lazy\" width=\"500\" height=\"500\" data-id=\"5800\"  src=\"https:\/\/ifdroca-rng.infd.edu.ar\/sitio\/wp-content\/uploads\/2026\/03\/cursada.png\" alt=\"\" class=\"wp-image-5800\"\/><\/a><\/figure>\n\n\n\n<figure class=\"wp-block-image size-full\"><a href=\"https:\/\/docs.google.com\/document\/d\/1Jchp0DSelrb0fML5_Hef4pi1MpKfhmVj\/edit?usp=sharing&amp;ouid=115612474386989537436&amp;rtpof=true&amp;sd=true\"><img decoding=\"async\" loading=\"lazy\" width=\"500\" height=\"500\" data-id=\"5688\"  src=\"https:\/\/ifdroca-rng.infd.edu.ar\/sitio\/wp-content\/uploads\/2026\/02\/finales-1.png\" alt=\"\" class=\"wp-image-5688\"\/><\/a><\/figure>\n<\/figure>\n\n\n\n<p><\/p>\n\n\n\n<p><\/p>\n\n\n\n<p><\/p>\n\n\n\n<p><\/p>\n","protected":false},"excerpt":{"rendered":"<p>Modalidad de cursada100% Presencial DURACI\u00d3N: 4 A\u00d1OS&nbsp; En esta carrera se forman Profesores de Educaci\u00f3n Primaria que desde y en el ejercicio de la docencia logren actuar con fundamentos e instrumentos para trabajar en la Comunidad Educativa. Es uno de los prop\u00f3sitos primordiales de la formaci\u00f3n inicial promover la capacidad para reflexionar cr\u00edticamente sobre los &#8230; <a title=\"Profesorado Primaria\" class=\"read-more\" href=\"https:\/\/ifdroca-rng.infd.edu.ar\/sitio\/profesorado-primaria\/\" aria-label=\"More on Profesorado Primaria\">[+]<\/a><\/p>\n","protected":false},"author":521,"featured_media":0,"parent":0,"menu_order":0,"comment_status":"closed","ping_status":"closed","template":"","meta":[],"acf":[],"_links":{"self":[{"href":"https:\/\/ifdroca-rng.infd.edu.ar\/sitio\/wp-json\/wp\/v2\/pages\/1128"}],"collection":[{"href":"https:\/\/ifdroca-rng.infd.edu.ar\/sitio\/wp-json\/wp\/v2\/pages"}],"about":[{"href":"https:\/\/ifdroca-rng.infd.edu.ar\/sitio\/wp-json\/wp\/v2\/types\/page"}],"author":[{"embeddable":true,"href":"https:\/\/ifdroca-rng.infd.edu.ar\/sitio\/wp-json\/wp\/v2\/users\/521"}],"replies":[{"embeddable":true,"href":"https:\/\/ifdroca-rng.infd.edu.ar\/sitio\/wp-json\/wp\/v2\/comments?post=1128"}],"version-history":[{"count":109,"href":"https:\/\/ifdroca-rng.infd.edu.ar\/sitio\/wp-json\/wp\/v2\/pages\/1128\/revisions"}],"predecessor-version":[{"id":5863,"href":"https:\/\/ifdroca-rng.infd.edu.ar\/sitio\/wp-json\/wp\/v2\/pages\/1128\/revisions\/5863"}],"wp:attachment":[{"href":"https:\/\/ifdroca-rng.infd.edu.ar\/sitio\/wp-json\/wp\/v2\/media?parent=1128"}],"curies":[{"name":"wp","href":"https:\/\/api.w.org\/{rel}","templated":true}]}}