{"id":1152,"date":"2018-08-31T13:06:11","date_gmt":"2018-08-31T16:06:11","guid":{"rendered":"https:\/\/ifdroca-rng.infd.edu.ar\/sitio\/autoridades\/"},"modified":"2026-02-24T16:44:35","modified_gmt":"2026-02-24T19:44:35","slug":"autoridades","status":"publish","type":"page","link":"https:\/\/ifdroca-rng.infd.edu.ar\/sitio\/autoridades\/","title":{"rendered":"Autoridades"},"content":{"rendered":"\n<p class=\"has-text-align-center\"><strong>Director<\/strong><\/p>\n\n\n\n<p class=\"has-text-align-center\">Roberto Molina<\/p>\n\n\n\n<p class=\"has-text-align-center\"><strong>Coordinaci\u00f3n de Formaci\u00f3n<\/strong><\/p>\n\n\n\n<p class=\"has-text-align-center\">Teresa P\u00e9rez<\/p>\n\n\n\n<p class=\"has-text-align-center\"><strong>Coordinaci\u00f3n Profesorado Educaci\u00f3n Primaria<\/strong><\/p>\n\n\n\n<p class=\"has-text-align-center\">N\u00e9stor Mart\u00ednez<\/p>\n\n\n\n<p class=\"has-text-align-center\"><strong>Coordinaci\u00f3n Profesorado de Educaci\u00f3n Secundaria en F\u00edsica y Qu\u00edmica<\/strong><\/p>\n\n\n\n<p class=\"has-text-align-center\">Jenny Fuentealba<\/p>\n\n\n\n<p class=\"has-text-align-center\"><strong>Coordinaci\u00f3n Profesorado de Educaci\u00f3n Secundaria en Matem\u00e1tica<\/strong><\/p>\n\n\n\n<p class=\"has-text-align-center\">Malena Fretes<\/p>\n\n\n\n<p class=\"has-text-align-center\"><strong>Coordinaci\u00f3n de Formaci\u00f3n Permanente<\/strong><\/p>\n\n\n\n<p class=\"has-text-align-center\">Andrea Junco<\/p>\n\n\n\n<p class=\"has-text-align-center\"><strong>Coordinaci\u00f3n de Investigaci\u00f3n y Extensi\u00f3n<\/strong><\/p>\n\n\n\n<p class=\"has-text-align-center\">Victoria Pistonesi<\/p>\n","protected":false},"excerpt":{"rendered":"<p>Director Roberto Molina Coordinaci\u00f3n de Formaci\u00f3n Teresa P\u00e9rez Coordinaci\u00f3n Profesorado Educaci\u00f3n Primaria N\u00e9stor Mart\u00ednez Coordinaci\u00f3n Profesorado de Educaci\u00f3n Secundaria en F\u00edsica y Qu\u00edmica Jenny Fuentealba Coordinaci\u00f3n Profesorado de Educaci\u00f3n Secundaria en Matem\u00e1tica Malena Fretes Coordinaci\u00f3n de Formaci\u00f3n Permanente Andrea Junco Coordinaci\u00f3n de Investigaci\u00f3n y Extensi\u00f3n Victoria Pistonesi<\/p>\n","protected":false},"author":521,"featured_media":0,"parent":0,"menu_order":0,"comment_status":"closed","ping_status":"closed","template":"","meta":[],"acf":[],"_links":{"self":[{"href":"https:\/\/ifdroca-rng.infd.edu.ar\/sitio\/wp-json\/wp\/v2\/pages\/1152"}],"collection":[{"href":"https:\/\/ifdroca-rng.infd.edu.ar\/sitio\/wp-json\/wp\/v2\/pages"}],"about":[{"href":"https:\/\/ifdroca-rng.infd.edu.ar\/sitio\/wp-json\/wp\/v2\/types\/page"}],"author":[{"embeddable":true,"href":"https:\/\/ifdroca-rng.infd.edu.ar\/sitio\/wp-json\/wp\/v2\/users\/521"}],"replies":[{"embeddable":true,"href":"https:\/\/ifdroca-rng.infd.edu.ar\/sitio\/wp-json\/wp\/v2\/comments?post=1152"}],"version-history":[{"count":20,"href":"https:\/\/ifdroca-rng.infd.edu.ar\/sitio\/wp-json\/wp\/v2\/pages\/1152\/revisions"}],"predecessor-version":[{"id":5757,"href":"https:\/\/ifdroca-rng.infd.edu.ar\/sitio\/wp-json\/wp\/v2\/pages\/1152\/revisions\/5757"}],"wp:attachment":[{"href":"https:\/\/ifdroca-rng.infd.edu.ar\/sitio\/wp-json\/wp\/v2\/media?parent=1152"}],"curies":[{"name":"wp","href":"https:\/\/api.w.org\/{rel}","templated":true}]}}