{"id":1154,"date":"2018-08-31T13:06:11","date_gmt":"2018-08-31T16:06:11","guid":{"rendered":"https:\/\/ifdroca-rng.infd.edu.ar\/sitio\/requisitos-de-ingreso\/"},"modified":"2026-02-24T16:45:21","modified_gmt":"2026-02-24T19:45:21","slug":"requisitos-de-ingreso","status":"publish","type":"page","link":"https:\/\/ifdroca-rng.infd.edu.ar\/sitio\/requisitos-de-ingreso\/","title":{"rendered":"Inscripciones"},"content":{"rendered":"<h1 style=\"text-align: center;\"><span style=\"color: #008000;\"><strong>INSCRIPCIONES ABIERTAS<\/strong><\/span><\/h1>\n<h4 style=\"text-align: center;\">Inscripciones 2026\u00a0<\/h4>\n<h2 style=\"text-align: center;\"><strong><span style=\"color: #ba1616;\">DEL 9\/2\/2026 AL 13\/3\/2026<span style=\"color: #008000;\">\u00a0<\/span><\/span><\/strong><\/h2>\n<p style=\"text-align: center;\"><strong>Horarios de atenci\u00f3n<\/strong><\/p>\n<p style=\"text-align: center;\">Ma\u00f1ana 9:00 a 12:00 hs\u00a0<\/p>\n<p style=\"text-align: center;\">Tarde: 15:30 a 18:30<\/p>\n<h4><span style=\"color: #003300;\"><strong>Modalidad de inscripci\u00f3n:<\/strong><\/span><\/h4>\n<ol>\n<li>Completar el <a href=\"https:\/\/forms.gle\/YwgVR5dBXJq6fTGu9\" target=\"_blank\" rel=\"noopener\"><strong>FORMULARIO DE INSCRIPCI\u00d3N<\/strong>.<\/a><\/li>\n<li>Descargar, imprimir y completar manualmente la<a href=\"https:\/\/ifdroca-rng.infd.edu.ar\/sitio\/wp-content\/uploads\/2025\/12\/Ficha_inscripcion_2026_final.pdf\" target=\"_blank\" rel=\"noopener\"><strong> FICHA DE INSCRIPCI\u00d3N<\/strong><\/a> que deber\u00e1s presentar en el instituto junto con la siguiente documentaci\u00f3n (en original y una fotocopia):<\/li>\n<\/ol>\n<ul>\n<li>DNI<\/li>\n<li>Certificado de nacimiento<\/li>\n<li>T\u00edtulo Secundario o Certificado de finalizaci\u00f3n de estudios secundarios<\/li>\n<li>Folio tama\u00f1o A4<\/li>\n<\/ul>\n<p>Tu inscripci\u00f3n se completar\u00e1 una vez que te registres en el FORMULARIO DE INSCRIPCI\u00d3N,\u00a0 realices la encuesta de INGRESANTES\u00a0 y hayas presentado en secretar\u00eda la documentaci\u00f3n completa<\/p>\n\n\n<p>SI TEN\u00c9S QUE PRESENTAR EQUIVALENCIAS<\/p>\n\n\n\n<p>Entregar en Secretar\u00eda, del 2\/3\/2026 al 13\/3\/2026 la siguiente <strong>documentaci\u00f3n certificada por la instituci\u00f3n de origen:<\/strong><\/p>\n\n\n\n<p>&#8211;&nbsp;&nbsp;&nbsp;&nbsp;&nbsp; Planilla de Solicitud de equivalencia impresa y debidamente cumplimentada <a href=\"https:\/\/ifdroca-rng.infd.edu.ar\/sitio\/wp-content\/uploads\/2025\/04\/Planilla_de_solicitud_de_equivalencias.docx\" target=\"_blank\" rel=\"noreferrer noopener\">(CLICK AQU\u00cd)<\/a><\/p>\n\n\n\n<p>&#8211;&nbsp;&nbsp;&nbsp;&nbsp;&nbsp; Programas de las materias aprobadas.<\/p>\n\n\n\n<p>&#8211;&nbsp;&nbsp;&nbsp;&nbsp;&nbsp; Certificado Anal\u00edtico<\/p>\n\n\n\n<p>El plazo para el dictamen de equivalencia ser\u00e1 de hasta 30 d\u00edas h\u00e1biles.<\/p>\n","protected":false},"excerpt":{"rendered":"<p>INSCRIPCIONES ABIERTAS Inscripciones 2026\u00a0 DEL 9\/2\/2026 AL 13\/3\/2026\u00a0 Horarios de atenci\u00f3n Ma\u00f1ana 9:00 a 12:00 hs\u00a0 Tarde: 15:30 a 18:30 Modalidad de inscripci\u00f3n: Completar el FORMULARIO DE INSCRIPCI\u00d3N. Descargar, imprimir y completar manualmente la FICHA DE INSCRIPCI\u00d3N que deber\u00e1s presentar en el instituto junto con la siguiente documentaci\u00f3n (en original y una fotocopia): DNI Certificado &#8230; <a title=\"Inscripciones\" class=\"read-more\" href=\"https:\/\/ifdroca-rng.infd.edu.ar\/sitio\/requisitos-de-ingreso\/\" aria-label=\"More on Inscripciones\">[+]<\/a><\/p>\n","protected":false},"author":521,"featured_media":0,"parent":0,"menu_order":0,"comment_status":"closed","ping_status":"closed","template":"","meta":[],"acf":[],"_links":{"self":[{"href":"https:\/\/ifdroca-rng.infd.edu.ar\/sitio\/wp-json\/wp\/v2\/pages\/1154"}],"collection":[{"href":"https:\/\/ifdroca-rng.infd.edu.ar\/sitio\/wp-json\/wp\/v2\/pages"}],"about":[{"href":"https:\/\/ifdroca-rng.infd.edu.ar\/sitio\/wp-json\/wp\/v2\/types\/page"}],"author":[{"embeddable":true,"href":"https:\/\/ifdroca-rng.infd.edu.ar\/sitio\/wp-json\/wp\/v2\/users\/521"}],"replies":[{"embeddable":true,"href":"https:\/\/ifdroca-rng.infd.edu.ar\/sitio\/wp-json\/wp\/v2\/comments?post=1154"}],"version-history":[{"count":104,"href":"https:\/\/ifdroca-rng.infd.edu.ar\/sitio\/wp-json\/wp\/v2\/pages\/1154\/revisions"}],"predecessor-version":[{"id":5758,"href":"https:\/\/ifdroca-rng.infd.edu.ar\/sitio\/wp-json\/wp\/v2\/pages\/1154\/revisions\/5758"}],"wp:attachment":[{"href":"https:\/\/ifdroca-rng.infd.edu.ar\/sitio\/wp-json\/wp\/v2\/media?parent=1154"}],"curies":[{"name":"wp","href":"https:\/\/api.w.org\/{rel}","templated":true}]}}