{"id":3074,"date":"2021-11-09T14:34:16","date_gmt":"2021-11-09T17:34:16","guid":{"rendered":"https:\/\/ifdroca-rng.infd.edu.ar\/sitio\/?page_id=3074"},"modified":"2023-10-10T08:18:52","modified_gmt":"2023-10-10T11:18:52","slug":"preguntas-frecuentes","status":"publish","type":"page","link":"https:\/\/ifdroca-rng.infd.edu.ar\/sitio\/preguntas-frecuentes\/","title":{"rendered":"Preguntas frecuentes"},"content":{"rendered":"\n<h6 class=\"wp-block-heading\"><strong>\u00bfQu\u00e9 carreras ofrece el IFDC?<\/strong><\/h6>\n\n\n\n<p>La oferta acad\u00e9mica del IFDC de Roca se compone de los siguientes profesorados:<br><a rel=\"noreferrer noopener\" href=\"https:\/\/ifdroca-rng.infd.edu.ar\/sitio\/profesorado-primaria\/\" target=\"_blank\">-Profesorado de Educaci\u00f3n Primaria<br><\/a>&#8211;<a rel=\"noreferrer noopener\" href=\"https:\/\/ifdroca-rng.infd.edu.ar\/sitio\/profesorado-matematica\/\" target=\"_blank\">Profesorado de Educaci\u00f3n Secundaria en Matem\u00e1tica<\/a><br>&#8211;<a rel=\"noreferrer noopener\" href=\"https:\/\/ifdroca-rng.infd.edu.ar\/sitio\/profesorado-fisica\/\" target=\"_blank\">Profesorado de Educaci\u00f3n Secundaria en F\u00edsica<\/a><br>&#8211;<a href=\"https:\/\/ifdroca-rng.infd.edu.ar\/sitio\/profesorado-quimica\/\" target=\"_blank\" rel=\"noreferrer noopener\">Profesorado de Educaci\u00f3n Secundaria en Qu\u00edmica<\/a><\/p>\n\n\n\n<h6 class=\"wp-block-heading\"><strong>\u00bfCu\u00e1ntos a\u00f1os duran las carreras?<\/strong><\/h6>\n\n\n\n<p>Todos los Profesorados de nuestra instituci\u00f3n tienen una duraci\u00f3n m\u00ednima de 4 a\u00f1os.<br>\u00bfC\u00f3mo me inscribo para cursar una carrera?<\/p>\n\n\n\n<p><strong>\u00bfQu\u00e9 documentaci\u00f3n necesito presentar?<\/strong><br>Deber\u00e1s acceder al formulario de pre-inscripci\u00f3n. Para ello ten\u00e9s que ingresar al<a rel=\"noreferrer noopener\" href=\"https:\/\/ifdroca-rng.infd.edu.ar\/sitio\/requisitos-de-ingreso\/\" target=\"_blank\"> sitio<\/a>. Completar el formulario de preinscripci\u00f3n y descargar la ficha de inscripci\u00f3n que traer\u00e1s completa junto con la documentaci\u00f3n.<\/p>\n\n\n\n<h6 class=\"wp-block-heading\">La inscripci\u00f3n se concreta con la presentaci\u00f3n de la siguiente documentaci\u00f3n:<\/h6>\n\n\n\n<ul>\n<li>Ficha de inscripci\u00f3n completa<\/li>\n\n\n\n<li>Original y fotocopia de DNI.<\/li>\n\n\n\n<li>Original y fotocopia de T\u00edtulo Secundario, u Original de Constancia de finalizaci\u00f3n de<br>Estudios Secundarios.<\/li>\n\n\n\n<li>Original y fotocopia del Acta de Nacimiento.<\/li>\n\n\n\n<li> Un Folio A4.<br>Es indispensable contar con todo lo solicitado para efectuar el tr\u00e1mite, de lo contrario, la<br>inscripci\u00f3n no ser\u00e1 confirmada.<\/li>\n<\/ul>\n\n\n\n<p><strong>\u00bfPuedo inscribirme y cursar si a\u00fan adeudo materias del secundario?<\/strong><br>Si adeud\u00e1s materias de la Escuela Secundaria, ten\u00e9s tiempo de rendirlas hasta el 31 de octubre<br>de cada a\u00f1o. Mientras tanto, pod\u00e9s cursar como Estudiante Condicional.<\/p>\n\n\n\n<h6 class=\"wp-block-heading\">\u00bfQu\u00e9 es el plan de estudios?<\/h6>\n\n\n\n<p>El plan de estudios establece el conjunto de unidades curriculares (materias) que es necesario<br>aprobar para completar una carrera. En general, las materias se clasifican en anuales y<br>cuatrimestrales dependiendo de la duraci\u00f3n. En el caso de los espacios cuatrimestrales, \u00e9stos<br>pueden iniciar en marzo o en agosto. Las fechas en las que comienza y termina cada<br>cuatrimestre se establecen en el calendario acad\u00e9mico que es comunicado a trav\u00e9s de nuestra<br>p\u00e1gina. Las materias del plan de estudio est\u00e1n relacionadas por restricciones de correlatividad.<br>Cada tanto, los planes de estudio se modifican y se genera uno nuevo que se aplica a los<br>nuevos alumnos\/as que ingresan a la carrera. En un mismo momento pueden convivir dos<br>planes de estudio. Sin embargo, cada estudiante est\u00e1 asignado\/a a un plan de estudios<br>espec\u00edfico, dependiendo del a\u00f1o en el que ingres\u00f3 en la carrera o al a\u00f1o en que se cambi\u00f3 de<br>plan.<\/p>\n\n\n\n<h6 class=\"wp-block-heading\">\u00bfCu\u00e1ndo me anoto a las materias?<\/h6>\n\n\n\n<p>Las inscripciones a los cursados est\u00e1n organizadas en los siguientes per\u00edodos:<br>Fines de febrero y principio de marzo para las materias anuales y las correspondientes al<br>primer cuatrimestre. En julio se habilitan las inscripciones para las materias del segundo<br>cuatrimestre.<br>Para anotarte a las materias tenes que acceder al sistema de inscripci\u00f3n de estudiantes, a<br>trav\u00e9s del sitio <a rel=\"noreferrer noopener\" href=\"https:\/\/ifdroca-rng.infd.edu.ar\/sitio\/\" data-type=\"URL\" data-id=\"https:\/\/ifdroca-rng.infd.edu.ar\/sitio\/\" target=\"_blank\">www.ifdcroca.edu.ar<\/a>. El usuario y la contrase\u00f1a, se te informar\u00e1 una vez que<br>est\u00e9s inscripto\/a en la Carrera.<\/p>\n\n\n\n<h6 class=\"wp-block-heading\">\u00bfCu\u00e1l es la diferencia entre aprobar una cursada y aprobar una materia?<\/h6>\n\n\n\n<p>Aprobas la cursada cuando cumpl\u00eds con los requisitos propuestos y acordados por cada<br>Espacio Curricular. Para aprobar la materia deber\u00e1s, adem\u00e1s, tener aprobada una instancia de<br>Examen Final salvo que la misma sea promocionable y se logren los requisitos para<br>su promoci\u00f3n estipulados por el profesor.<br>En la mayor\u00eda de las asignaturas, el cursado considera ex\u00e1menes parciales o sus recuperatorios, actividades did\u00e1cticas y\/o trabajos pr\u00e1cticos.<br>Para la aprobaci\u00f3n definitiva de la materia deber\u00e1s rendir un examen final que podr\u00e1 ser oral,<br>escrito o ambos. La nota m\u00ednima para la aprobaci\u00f3n de la cursada y el final de una materia es<br>de 6 (seis). Algunos espacios curriculares ofrecen la posibilidad de promoci\u00f3n, es decir que la<br>cursada puede aprobarse a partir de obtener una nota igual o superior a 8 (ocho).<br>Si aprob\u00e1s el cursado de la asignatura podr\u00e1s presentarte a la instancia final en condici\u00f3n de<br>regular. Si desaprob\u00e1s la cursada pero dese\u00e1s rendir el espacio, pod\u00e9s hacerlo en condici\u00f3n de<br>libre.<\/p>\n\n\n\n<h6 class=\"wp-block-heading\">\u00bfPuedo rendir el final de una materia si no tengo el cursado aprobado?<\/h6>\n\n\n\n<p>Por decisi\u00f3n personal, pod\u00e9s rendir un porcentaje de materias de tu plan de estudio en<br>condici\u00f3n de alumno\/a libre (estipulado por el reglamento acad\u00e9mico marco RAM), a<br>excepci\u00f3n de las que integran el campo de la pr\u00e1ctica. Para eso ten\u00e9s que tomar contacto con<br>el equipo docente y consultar acerca de la modalidad de evaluaci\u00f3n para este tipo de<br>instancias. Es necesario que consideres que entre las condiciones para rendir libre una materia<br>est\u00e1 el contar con las correlativas correspondientes.<\/p>\n\n\n\n<h6 class=\"wp-block-heading\">\u00bfQu\u00e9 diferencia hay entre rendir como regular y libre?<\/h6>\n\n\n\n<p>La condici\u00f3n de rendir libre se da cuando no transitaste el cursado de la materia y\/o no<br>cumpliste con los requisitos requeridos por dicha materia. En esta l\u00ednea, pod\u00e9s presentarte a la<br>instancia de examen de dicho espacio en condici\u00f3n de Libre.<br>En tanto, pod\u00e9s formar parte de un examen final como estudiante Regular cuando cursaste<br>una materia y aprobaste los criterios\/requerimientos del espacio (trabajos pr\u00e1cticos, parciales,<br>actividades did\u00e1cticas). Esta condici\u00f3n dura 2 a\u00f1os y una mesa de examen. Luego de<br>transcurrido este lapso de tiempo y, de no haber aprobado la instancia de examen, deber\u00e1s<br>cursar nuevamente el espacio o presentarte a rendir como estudiante libre.<\/p>\n\n\n\n<h6 class=\"wp-block-heading\">\u00bfQu\u00e9 significa que una materia se venci\u00f3? \u00bfCu\u00e1nto tiempo tengo para rendir un final?<\/h6>\n\n\n\n<p>Los cursados aprobados tienen una vigencia de dos a\u00f1os y un turno de examen, contabilizados<br>a partir del cierre de cursado. Deber\u00e1s aprobar el final como estudiante regular antes de que<br>termine ese per\u00edodo. En caso contrario, se vencer\u00e1 el cursado. Si ocurre lo anteriormente<br>dicho, no podr\u00e1s formar parte de la instancia final en condici\u00f3n de regular. De este modo,<br>podr\u00e1s optar entre volver a cursar o rendir el final libre.<\/p>\n\n\n\n<h6 class=\"wp-block-heading\">Si tengo materias aprobadas en otra carrera o profesorado, \u00bfson v\u00e1lidas en el IFDC? \u00bfQu\u00e9<br>son las Equivalencias y c\u00f3mo se solicitan?<\/h6>\n\n\n\n<p>Las materias aprobadas en otras instituciones de nivel superior pueden ser reconocidas por el<br>IFDC para evitar cursarlas nuevamente. Si ten\u00e9s materias aprobadas con calificaci\u00f3n num\u00e9rica<br>necesit\u00e1s presentar en el IFDC el rendimiento acad\u00e9mico y los programas autenticados de esos<br>espacios. El equipo docente de nuestra instituci\u00f3n, a cargo de esas materias, evaluar\u00e1 la<br>pertinencia de los programas que hayas aprobado en otras carreras<br>Luego de eso, podr\u00e1n aprobar o no la equivalencia y se te comunicar\u00e1 la decisi\u00f3n. Las<br>equivalencias se solicitan mediante la Secretar\u00eda de Estudiantes antes del inicio de cada<br>cuatrimestre.Si cursaste materias en otro IFDC de la provincia de R\u00edo Negro, se considerar\u00e1n equivalentes las<br>materias del Campo de la Formaci\u00f3n General.<\/p>\n\n\n\n<h6 class=\"wp-block-heading\">\u00bfQu\u00e9 son los EDI?<\/h6>\n\n\n\n<p>Son los Espacios de Definici\u00f3n Institucional (EDI). A lo largo de la carrera tendr\u00e1s que<br>completar 60 horas en actividades acad\u00e9micas que aborden tem\u00e1ticas y\/o problem\u00e1ticas<br>definidas por los IFDC. Cada IFDC elabora sus propuestas y\/o reconoce experiencias formativas<br>en otros espacios o instituciones a trav\u00e9s de la evaluaci\u00f3n y reconocimiento desde el Consejo<br>Directivo. Estas horas son independientes de las del cursado de materias.<\/p>\n\n\n\n<h6 class=\"wp-block-heading\">\u00bfQu\u00e9 es una materia correlativa?<\/h6>\n\n\n\n<p>Una materia correlativa es una restricci\u00f3n que exige tener aprobado el cursado o el final de<br>una asignatura para poder cursar o rendir el final de otra. Consult\u00e1 el plan de correlatividades<br>de tu Profesorado en la p\u00e1gina web.<\/p>\n\n\n\n<h6 class=\"wp-block-heading\">\u00bfQu\u00e9 modalidad de cursada tiene el IFDC?<\/h6>\n\n\n\n<p>Todas las carreras est\u00e1n planteadas para la modalidad presencial.<\/p>\n\n\n\n<p><\/p>\n","protected":false},"excerpt":{"rendered":"<p>\u00bfQu\u00e9 carreras ofrece el IFDC? La oferta acad\u00e9mica del IFDC de Roca se compone de los siguientes profesorados:-Profesorado de Educaci\u00f3n Primaria&#8211;Profesorado de Educaci\u00f3n Secundaria en Matem\u00e1tica&#8211;Profesorado de Educaci\u00f3n Secundaria en F\u00edsica&#8211;Profesorado de Educaci\u00f3n Secundaria en Qu\u00edmica \u00bfCu\u00e1ntos a\u00f1os duran las carreras? Todos los Profesorados de nuestra instituci\u00f3n tienen una duraci\u00f3n m\u00ednima de 4 a\u00f1os.\u00bfC\u00f3mo me &#8230; <a title=\"Preguntas frecuentes\" class=\"read-more\" href=\"https:\/\/ifdroca-rng.infd.edu.ar\/sitio\/preguntas-frecuentes\/\" aria-label=\"More on Preguntas frecuentes\">[+]<\/a><\/p>\n","protected":false},"author":521,"featured_media":0,"parent":0,"menu_order":0,"comment_status":"closed","ping_status":"closed","template":"","meta":[],"acf":[],"_links":{"self":[{"href":"https:\/\/ifdroca-rng.infd.edu.ar\/sitio\/wp-json\/wp\/v2\/pages\/3074"}],"collection":[{"href":"https:\/\/ifdroca-rng.infd.edu.ar\/sitio\/wp-json\/wp\/v2\/pages"}],"about":[{"href":"https:\/\/ifdroca-rng.infd.edu.ar\/sitio\/wp-json\/wp\/v2\/types\/page"}],"author":[{"embeddable":true,"href":"https:\/\/ifdroca-rng.infd.edu.ar\/sitio\/wp-json\/wp\/v2\/users\/521"}],"replies":[{"embeddable":true,"href":"https:\/\/ifdroca-rng.infd.edu.ar\/sitio\/wp-json\/wp\/v2\/comments?post=3074"}],"version-history":[{"count":5,"href":"https:\/\/ifdroca-rng.infd.edu.ar\/sitio\/wp-json\/wp\/v2\/pages\/3074\/revisions"}],"predecessor-version":[{"id":4638,"href":"https:\/\/ifdroca-rng.infd.edu.ar\/sitio\/wp-json\/wp\/v2\/pages\/3074\/revisions\/4638"}],"wp:attachment":[{"href":"https:\/\/ifdroca-rng.infd.edu.ar\/sitio\/wp-json\/wp\/v2\/media?parent=3074"}],"curies":[{"name":"wp","href":"https:\/\/api.w.org\/{rel}","templated":true}]}}