{"id":3435,"date":"2022-02-25T15:35:40","date_gmt":"2022-02-25T18:35:40","guid":{"rendered":"https:\/\/ifdroca-rng.infd.edu.ar\/sitio\/?page_id=3435"},"modified":"2022-02-25T15:35:40","modified_gmt":"2022-02-25T18:35:40","slug":"atencion-ingresantes-2022","status":"publish","type":"page","link":"https:\/\/ifdroca-rng.infd.edu.ar\/sitio\/atencion-ingresantes-2022\/","title":{"rendered":"Atenci\u00f3n Ingresantes 2022"},"content":{"rendered":"\n<p>Buenos d\u00edas, les informamos que debido al paro convocado por el gremio ATE, el comienzo del M\u00f3dulo Introductorio se posterga para el jueves 03\/03.<br>De todas formas, si se extienden las medidas de fuerza de los diferentes gremios, docente y de servicios generales, les informaremos oportunamente a trav\u00e9s de la p\u00e1gina web www.ifdcroca.edu.ar.<br>Saludos cordiales.<br>Secretar\u00eda de Estudiantes Primaria<br>IFDC Gral. Roca<\/p>\n","protected":false},"excerpt":{"rendered":"<p>Buenos d\u00edas, les informamos que debido al paro convocado por el gremio ATE, el comienzo del M\u00f3dulo Introductorio se posterga para el jueves 03\/03.De todas formas, si se extienden las medidas de fuerza de los diferentes gremios, docente y de servicios generales, les informaremos oportunamente a trav\u00e9s de la p\u00e1gina web www.ifdcroca.edu.ar.Saludos cordiales.Secretar\u00eda de Estudiantes &#8230; <a title=\"Atenci\u00f3n Ingresantes 2022\" class=\"read-more\" href=\"https:\/\/ifdroca-rng.infd.edu.ar\/sitio\/atencion-ingresantes-2022\/\" aria-label=\"More on Atenci\u00f3n Ingresantes 2022\">[+]<\/a><\/p>\n","protected":false},"author":521,"featured_media":0,"parent":0,"menu_order":0,"comment_status":"closed","ping_status":"closed","template":"","meta":[],"acf":[],"_links":{"self":[{"href":"https:\/\/ifdroca-rng.infd.edu.ar\/sitio\/wp-json\/wp\/v2\/pages\/3435"}],"collection":[{"href":"https:\/\/ifdroca-rng.infd.edu.ar\/sitio\/wp-json\/wp\/v2\/pages"}],"about":[{"href":"https:\/\/ifdroca-rng.infd.edu.ar\/sitio\/wp-json\/wp\/v2\/types\/page"}],"author":[{"embeddable":true,"href":"https:\/\/ifdroca-rng.infd.edu.ar\/sitio\/wp-json\/wp\/v2\/users\/521"}],"replies":[{"embeddable":true,"href":"https:\/\/ifdroca-rng.infd.edu.ar\/sitio\/wp-json\/wp\/v2\/comments?post=3435"}],"version-history":[{"count":1,"href":"https:\/\/ifdroca-rng.infd.edu.ar\/sitio\/wp-json\/wp\/v2\/pages\/3435\/revisions"}],"predecessor-version":[{"id":3436,"href":"https:\/\/ifdroca-rng.infd.edu.ar\/sitio\/wp-json\/wp\/v2\/pages\/3435\/revisions\/3436"}],"wp:attachment":[{"href":"https:\/\/ifdroca-rng.infd.edu.ar\/sitio\/wp-json\/wp\/v2\/media?parent=3435"}],"curies":[{"name":"wp","href":"https:\/\/api.w.org\/{rel}","templated":true}]}}