{"id":5057,"date":"2024-10-07T16:48:57","date_gmt":"2024-10-07T19:48:57","guid":{"rendered":"https:\/\/ifdroca-rng.infd.edu.ar\/sitio\/?page_id=5057"},"modified":"2024-10-18T12:41:06","modified_gmt":"2024-10-18T15:41:06","slug":"grupos-de-estudio","status":"publish","type":"page","link":"https:\/\/ifdroca-rng.infd.edu.ar\/sitio\/grupos-de-estudio\/","title":{"rendered":"DDAPEA"},"content":{"rendered":"\n<h3 class=\"wp-block-heading\">A\u00f1o 2024<\/h3>\n\n\n\n<figure class=\"wp-block-image size-full\"><img decoding=\"async\" loading=\"lazy\" width=\"1900\" height=\"347\" src=\"https:\/\/ifdroca-rng.infd.edu.ar\/sitio\/wp-content\/uploads\/2024\/10\/Investigacion-y-Extension-2.png\" alt=\"\" class=\"wp-image-5059\" srcset=\"https:\/\/ifdroca-rng.infd.edu.ar\/sitio\/wp-content\/uploads\/2024\/10\/Investigacion-y-Extension-2.png 1900w, https:\/\/ifdroca-rng.infd.edu.ar\/sitio\/wp-content\/uploads\/2024\/10\/Investigacion-y-Extension-2-1000x183.png 1000w, https:\/\/ifdroca-rng.infd.edu.ar\/sitio\/wp-content\/uploads\/2024\/10\/Investigacion-y-Extension-2-768x140.png 768w, https:\/\/ifdroca-rng.infd.edu.ar\/sitio\/wp-content\/uploads\/2024\/10\/Investigacion-y-Extension-2-1536x281.png 1536w\" sizes=\"(max-width: 1900px) 100vw, 1900px\" \/><\/figure>\n\n\n\n<p>mail de contacto: Contacto: ddapea2024@gmail.com<\/p>\n\n\n\n<p>El equipo Docente que Dise\u00f1an y Analizan Propuestas de Ense\u00f1anza y Aprendizaje (DDAPEA) se encuentra enmarcado en el convenio realizado entre el IFDC y el CEIE (Centro de Estudios e Investigaci\u00f2n de la Ense\u00f1anza) de la UNRN (Universidad Nacional de R\u00edo Negro). Hoy est\u00e1 conformado por docentes que comparten sus pr\u00e1cticas de ense\u00f1anza en el IFDC Fiske Menuko y en la Escuela de Arte y Dise\u00f1o de la UNRN.&nbsp;<\/p>\n\n\n\n<p>Es importante destacar que se ampli\u00f3 el objetivo inicial, que estaba enfocado&nbsp; en la ense\u00f1anza de la Matem\u00e1tica, dado que con la incorporaci\u00f3n de docentes de otras disciplinas y a partir de la reflexi\u00f3n sobre la pr\u00e1ctica, se encuentra trabajando en proyectos que tienen incidencia directa en los niveles obligatorios, generando momentos y espacios de encuentros.&nbsp;<\/p>\n\n\n\n<p>El grupo desarrolla diferentes proyectos de formaci\u00f3n permanente y de extensi\u00f3n. Por ejemplo: Jornadas de Trabajo, Ateneos, Cursos para INFOD, Talleres, Dise\u00f1o y Redise\u00f1o de secuencias de ense\u00f1anza, entre otros.&nbsp;<\/p>\n\n\n\n<p>Docentes que actualmente forman parte de DDAPEA:<\/p>\n\n\n\n<p>Jenny C. Fuentealba Palavecino<\/p>\n\n\n\n<p>Emiliana Llorens<\/p>\n\n\n\n<p>Claudia E. Garelik<\/p>\n\n\n\n<p>Andrea C. Junco<\/p>\n\n\n\n<p>M. Victoria Pistonesi<\/p>\n\n\n\n<p>M. Silveria Lopez<\/p>\n\n\n\n<p>Muhammad Y. Abarzua Moraga<\/p>\n\n\n\n<p>Ignacio A. Rodr\u00edguez<\/p>\n\n\n\n<figure class=\"wp-block-table\"><table><tbody><tr><td><strong>Jornada 2023 IFDC Fiske Menuko<\/strong><\/td><td><\/td><\/tr><tr><td><img decoding=\"async\" loading=\"lazy\" width=\"602\" height=\"453\" src=\"https:\/\/lh7-rt.googleusercontent.com\/docsz\/AD_4nXfVF32z7cojEbsXUklneWsBHPfOk-4cMEyjXVrNUdmBSl_Y2hssPjSx3Hz5CuJQN9T895mgjABm8E4f4fJIpFvJPbKAqxpmk70_rowB4aWXZ0HEtkdjO3Q8F_F_Ag9XI2JUgYDUJX6EyqczydSkW5vX8XmK?key=jFnD_lOTX0Z1ceOemeQDHg\"><\/td><td><img decoding=\"async\" loading=\"lazy\" width=\"602\" height=\"451\" src=\"https:\/\/lh7-rt.googleusercontent.com\/docsz\/AD_4nXfvgOlAJTVRpZStqZYQj4-Xh5T356j98z0QqaVSS8WN5iQlmlRca3HymYc7glKsLWZOXOEAzqF6me8wK_200LM5LnqiuFtZdVoiGvv59QN5XDn0Z87Rhvv1d6vWTIglekVJqXxw1kiOmrqDnXbfRF08c6A7?key=jFnD_lOTX0Z1ceOemeQDHg\"><\/td><\/tr><tr><td><img decoding=\"async\" loading=\"lazy\" width=\"602\" height=\"601\" src=\"https:\/\/lh7-rt.googleusercontent.com\/docsz\/AD_4nXc9YKTHxUntCrkwdfbbsNcAEWuF_gSaLzqN7Ud52JyVZSBMB4mcGXqAagw-EQkg4pyOQJj9JRa7rySsf2TPvS91Q2I0ZpIGeeTbjaaT4MkEqY5ZbxQf2G33Me1l2RjdhCOgr4khJWU-j9g-glmTdcOxArW7?key=jFnD_lOTX0Z1ceOemeQDHg\"><\/td><td><img decoding=\"async\" loading=\"lazy\" width=\"602\" height=\"451\" src=\"https:\/\/lh7-rt.googleusercontent.com\/docsz\/AD_4nXdW5QIGgvezixrLa_kK8wXg2sExLDcCIEGcZck-LEeXOtisrbURDdTHP7n3iP4-PmBM6pf9veG69SpCUZqgD8A9_z4KBWgur5rAAVQ3Rn293cA1otRVcROY38OYWEFPnNBW8XQe2e4_Orrrm2R1dilJc_O2?key=jFnD_lOTX0Z1ceOemeQDHg\"><\/td><\/tr><\/tbody><\/table><figcaption class=\"wp-element-caption\"><strong>Ateneo 2024 UNRN<\/strong><\/figcaption><\/figure>\n\n\n\n<figure class=\"wp-block-table\"><table><tbody><tr><td><img decoding=\"async\" loading=\"lazy\" width=\"602\" height=\"339\" src=\"https:\/\/lh7-rt.googleusercontent.com\/docsz\/AD_4nXfNaf4G8pQigHG3xMAmikebd8RErDXuo5YhEBj7aHGI00ltN9gtk7M_DNIvnTlw19HTYK3r3t-2IHVaGOx8fvk_SvUMkZnJ8E6EPWfUY3umZOBN28gbdiZOJJcsMg2eF3gjcgSmhe_utHwC0qvd8oasDYI?key=jFnD_lOTX0Z1ceOemeQDHg\"><\/td><td><img decoding=\"async\" loading=\"lazy\" width=\"602\" height=\"1069\" src=\"https:\/\/lh7-rt.googleusercontent.com\/docsz\/AD_4nXePXQrsYbJ-FTA6vXy-WmoT-P8OmHonfNnS4p_c9DWy9j-Jbc2ShqJQu8CQbIhNOeHszgl9QiHhn8sZ0bldWesmNRiN8r3uq1--dy7o6N4Lsp9kWON-eOXSp0FPHKaox86E9md-8sUUdlbWTKManm5cCxQ?key=jFnD_lOTX0Z1ceOemeQDHg\"><\/td><\/tr><tr><td><img decoding=\"async\" loading=\"lazy\" width=\"602\" height=\"1069\" src=\"https:\/\/lh7-rt.googleusercontent.com\/docsz\/AD_4nXfTO61pWpsJ_FDw44d4bWe1Y7uwBe5ups7XHTq7RW_mOd2EcSkoJ2vtk_j3DSIWu-fJQZtWxk9HEtFWFiFM_OMdMbeOie2ihs2Y4RgP5YLZihnHWWXCdR0El6RzEiNPmMJDTx-Zq7pyMbQSqTozqbkWu4c?key=jFnD_lOTX0Z1ceOemeQDHg\"><\/td><td><img decoding=\"async\" loading=\"lazy\" width=\"602\" height=\"1069\" src=\"https:\/\/lh7-rt.googleusercontent.com\/docsz\/AD_4nXddjX3T8pNxMT-iTUL0Sgrn9PHMWTIH5GGDnQx_t9vQGGXWDd0n-VVDmtARGV-e8oMUsiP1BcAXfTfi4gILfJ9dyy4aeCpuXVurTnz3Bl7hY-RL0UHTD3EDEoPiNPG9cMslrxHXbS32-fXviQVXhT98vuHU?key=jFnD_lOTX0Z1ceOemeQDHg\"><\/td><\/tr><\/tbody><\/table><\/figure>\n","protected":false},"excerpt":{"rendered":"<p>A\u00f1o 2024 mail de contacto: Contacto: ddapea2024@gmail.com El equipo Docente que Dise\u00f1an y Analizan Propuestas de Ense\u00f1anza y Aprendizaje (DDAPEA) se encuentra enmarcado en el convenio realizado entre el IFDC y el CEIE (Centro de Estudios e Investigaci\u00f2n de la Ense\u00f1anza) de la UNRN (Universidad Nacional de R\u00edo Negro). Hoy est\u00e1 conformado por docentes que &#8230; <a title=\"DDAPEA\" class=\"read-more\" href=\"https:\/\/ifdroca-rng.infd.edu.ar\/sitio\/grupos-de-estudio\/\" aria-label=\"More on DDAPEA\">[+]<\/a><\/p>\n","protected":false},"author":521,"featured_media":0,"parent":0,"menu_order":0,"comment_status":"closed","ping_status":"closed","template":"","meta":[],"acf":[],"_links":{"self":[{"href":"https:\/\/ifdroca-rng.infd.edu.ar\/sitio\/wp-json\/wp\/v2\/pages\/5057"}],"collection":[{"href":"https:\/\/ifdroca-rng.infd.edu.ar\/sitio\/wp-json\/wp\/v2\/pages"}],"about":[{"href":"https:\/\/ifdroca-rng.infd.edu.ar\/sitio\/wp-json\/wp\/v2\/types\/page"}],"author":[{"embeddable":true,"href":"https:\/\/ifdroca-rng.infd.edu.ar\/sitio\/wp-json\/wp\/v2\/users\/521"}],"replies":[{"embeddable":true,"href":"https:\/\/ifdroca-rng.infd.edu.ar\/sitio\/wp-json\/wp\/v2\/comments?post=5057"}],"version-history":[{"count":3,"href":"https:\/\/ifdroca-rng.infd.edu.ar\/sitio\/wp-json\/wp\/v2\/pages\/5057\/revisions"}],"predecessor-version":[{"id":5099,"href":"https:\/\/ifdroca-rng.infd.edu.ar\/sitio\/wp-json\/wp\/v2\/pages\/5057\/revisions\/5099"}],"wp:attachment":[{"href":"https:\/\/ifdroca-rng.infd.edu.ar\/sitio\/wp-json\/wp\/v2\/media?parent=5057"}],"curies":[{"name":"wp","href":"https:\/\/api.w.org\/{rel}","templated":true}]}}