{"id":5090,"date":"2024-10-18T12:41:19","date_gmt":"2024-10-18T15:41:19","guid":{"rendered":"https:\/\/ifdroca-rng.infd.edu.ar\/sitio\/?page_id=5090"},"modified":"2024-10-18T12:41:23","modified_gmt":"2024-10-18T15:41:23","slug":"soberania-alimentaria","status":"publish","type":"page","link":"https:\/\/ifdroca-rng.infd.edu.ar\/sitio\/soberania-alimentaria\/","title":{"rendered":"Soberan\u00eda alimentaria"},"content":{"rendered":"\n<figure class=\"wp-block-image size-full\"><img decoding=\"async\" loading=\"lazy\" width=\"1900\" height=\"347\" src=\"https:\/\/ifdroca-rng.infd.edu.ar\/sitio\/wp-content\/uploads\/2024\/10\/Investigacion-y-Extension-2.png\" alt=\"\" class=\"wp-image-5059\" srcset=\"https:\/\/ifdroca-rng.infd.edu.ar\/sitio\/wp-content\/uploads\/2024\/10\/Investigacion-y-Extension-2.png 1900w, https:\/\/ifdroca-rng.infd.edu.ar\/sitio\/wp-content\/uploads\/2024\/10\/Investigacion-y-Extension-2-1000x183.png 1000w, https:\/\/ifdroca-rng.infd.edu.ar\/sitio\/wp-content\/uploads\/2024\/10\/Investigacion-y-Extension-2-768x140.png 768w, https:\/\/ifdroca-rng.infd.edu.ar\/sitio\/wp-content\/uploads\/2024\/10\/Investigacion-y-Extension-2-1536x281.png 1536w\" sizes=\"(max-width: 1900px) 100vw, 1900px\" \/><\/figure>\n\n\n\n<h2 class=\"wp-block-heading\">\u201cCampo educativo y campo de disputa: la agroecolog\u00eda y la<br>soberan\u00eda alimentaria como proyectos educativos comunitarios\u201d<\/h2>\n\n\n\n<h6 class=\"wp-block-heading\">Per\u00edodo: septiembre 2022 a julio de 2024<\/h6>\n\n\n\n<p><br><strong>Breve fundamentaci\u00f3n<\/strong><\/p>\n\n\n\n<p><br>El presente proyecto propone un trabajo articulado con instituciones educativas y<br>organizaciones sociales de la ciudad en vistas a problematizar, reflexionar y accionar<br>en torno a la educaci\u00f3n alimentaria soberana y saludable. Concretamente,<br>propondremos la construcci\u00f3n de huertas comunitarias con el prop\u00f3sito de producir<br>alimentos, saberes y, a su vez, propiciar el empoderamiento de sus participantes y de<br>las organizaciones que conforman. Por supuesto, partiendo de entender el comer y la<br>alimentaci\u00f3n como acto social, hecho cultural e hist\u00f3ricamente demarcado.<br>En tal sentido, se orienta a la generaci\u00f3n de espacios de encuentro, de<br>intercambio y de construcci\u00f3n de soberan\u00eda, poniendo en tensi\u00f3n las formas en que<br>actualmente comemos, (formas influenciadas por los factores econ\u00f3micos, pol\u00edticos,<br>sociales y culturales que la atraviesan) y reflexionando acerca de otras alternativas<br>posibles. Estos saberes que iremos construyendo los iremos volcando a un espacio de<br>\u201cEscuela abierta\u201d virtual, en donde podremos continuar los di\u00e1logos con la comunidad<br>educativa desde las redes sociales.<\/p>\n\n\n\n<p><strong>Integrantes del equipo docente:<\/strong> <\/p>\n\n\n\n<p>Bel\u00e9n Llanos, <\/p>\n\n\n\n<p>Vanesa Asencio, <\/p>\n\n\n\n<p>Mariana Ortiz, <\/p>\n\n\n\n<p>Adriana De Gregorio, <\/p>\n\n\n\n<p>Evi Rave, <\/p>\n\n\n\n<p>Candelaria Montenegro.<\/p>\n\n\n\n<p><br><strong>Estudiantes del profesorado de educaci\u00f3n primaria: <\/strong><\/p>\n\n\n\n<p>Luc\u00eda Alejandra Sanchez,<\/p>\n\n\n\n<p>Diego Maire, <\/p>\n\n\n\n<p>Luciana Mendez, <\/p>\n\n\n\n<p>Marina Figueroa, <\/p>\n\n\n\n<p>Brenda Flores Cheuqu\u00e9n, <\/p>\n\n\n\n<p>Yamila Rivas,<\/p>\n\n\n\n<p>Betsab\u00e9 Rodr\u00edguez.<br><\/p>\n\n\n\n<p><strong>Estudiantes de los profesorados de educaci\u00f3n secundaria:<\/strong><\/p>\n\n\n\n<p>Chiara Garc\u00eda, <\/p>\n\n\n\n<p>Tania Berenise Huenun, <\/p>\n\n\n\n<p>Antiqueo Mirko, <\/p>\n\n\n\n<p>Tatiana Pe\u00f1a, <\/p>\n\n\n\n<p>Parra Burgos Jacob Antonio, <\/p>\n\n\n\n<p>Mariela Uriarte. <\/p>\n\n\n\n<h4 class=\"wp-block-heading\">Etapas y acciones desarrolladas<\/h4>\n\n\n\n<p><br>Durante el a\u00f1o 2022 el proyecto de extensi\u00f3n se desarroll\u00f3 de la siguiente manera:<\/p>\n\n\n\n<p><br><strong>&#x2714; Primera etapa: <\/strong>reuniones organizativas y diagn\u00f3stico de viabilidad\/ingreso en<br>espacios comunitarios (huerta y merendero)<br>El proyecto de extensi\u00f3n se pens\u00f3 de manera articulada con una propuesta de EDI<br>denominada \u201csoberan\u00eda alimentaria para el KVME FELEN (buen vivir)\u201d. Desde este<br>punto de partida, las primeras acciones estuvieron vinculadas con aspectos<br>organizativos, fundamentalmente, la elecci\u00f3n de los espacios comunitarios y el<br>contacto con sus referentes. A partir de ello, se defini\u00f3 dos organizaciones para<br>desarrollar la propuesta y propiciar la co-construcci\u00f3n de saberes y el intercambio: la<br>huerta Kume Mapu y el merendero Alegr\u00eda del barrio Quinta 25.<br>Asimismo, se comenz\u00f3 con la gesti\u00f3n de semillas, a trav\u00e9s del programa Pro Huerta,<br>para poder proyectar la confecci\u00f3n de plantines.<\/p>\n\n\n\n<p><br><strong>&#x2714; Segunda etapa:<\/strong> visita a los lugares con el equipo de extensi\u00f3n.<br>En esta instancia, se desarroll\u00f3 un trabajo de campo que incluy\u00f3 la realizaci\u00f3n de<br>entrevistas con los referentes de los espacios y la observaci\u00f3n participante de las<br>actividades que en esos espacios se llevan adelante. Las visitas fueron los d\u00edas 22 de<br>agosto y 12 de septiembre del 2022.<\/p>\n\n\n\n<figure class=\"wp-block-gallery has-nested-images columns-default is-cropped wp-block-gallery-1 is-layout-flex\">\n<figure class=\"wp-block-image size-large\"><img decoding=\"async\" loading=\"lazy\" width=\"265\" height=\"179\" data-id=\"5091\"  src=\"https:\/\/ifdroca-rng.infd.edu.ar\/sitio\/wp-content\/uploads\/2024\/10\/foto-1-tabla.png\" alt=\"\" class=\"wp-image-5091\"\/><\/figure>\n\n\n\n<figure class=\"wp-block-image size-large\"><img decoding=\"async\" loading=\"lazy\" width=\"265\" height=\"179\" data-id=\"5092\"  src=\"https:\/\/ifdroca-rng.infd.edu.ar\/sitio\/wp-content\/uploads\/2024\/10\/foto-2-tabla.png\" alt=\"\" class=\"wp-image-5092\"\/><\/figure>\n\n\n\n<figure class=\"wp-block-image size-large\"><img decoding=\"async\" loading=\"lazy\" width=\"265\" height=\"179\" data-id=\"5093\"  src=\"https:\/\/ifdroca-rng.infd.edu.ar\/sitio\/wp-content\/uploads\/2024\/10\/foto3-tabla.jpg\" alt=\"\" class=\"wp-image-5093\"\/><\/figure>\n\n\n\n<figure class=\"wp-block-image size-large\"><img decoding=\"async\" loading=\"lazy\" width=\"265\" height=\"179\" data-id=\"5094\"  src=\"https:\/\/ifdroca-rng.infd.edu.ar\/sitio\/wp-content\/uploads\/2024\/10\/foto-4-tabla.jpg\" alt=\"\" class=\"wp-image-5094\"\/><\/figure>\n<\/figure>\n\n\n\n<p><strong>&#x2714; Tercera etapa:<\/strong> investigaciones y aprendizajes acerca de las condiciones<br>necesarias del suelo para la germinaci\u00f3n y el desarrollo de diferentes hortalizas, los<br>ciclos de vida de distintas plantas y sus modos reproductivos para obtener nuevas<br>semillas o esquejes, preparaci\u00f3n de plantines, recetarios y materiales para el<br>intercambio de semillas. B\u00fasqueda de recetas saludables utilizando ingredientes de<br>producci\u00f3n local, de origen americano o comidas provenientes de la cultura mapuche.<br>Durante el comienzo del mes de octubre del 2022 las acciones estuvieron<br>vinculadas con la producci\u00f3n de plantines y, al mismo tiempo, de recursos<br>gr\u00e1ficos\/visuales como el recetario, carteler\u00eda, etiquetas para las semillas y tr\u00edpticos.<br>Todos estos materiales se convirtieron en insumos fundamentales para la propuesta<br>de intervenci\u00f3n en las jornadas de trabajo docente 2022, organizadas por el IFDC de<br>Fiske, y el espacio de cierre en el merendero y la huerta.<\/p>\n\n\n\n<p><br><strong>&#x2714; Cuarta etapa:<\/strong> para concluir el a\u00f1o de trabajo, se pensaron diferentes acciones<br>que incluyeron intervenciones en los espacios comunitarios antes mencionados y la<br>difusi\u00f3n\/divulgaci\u00f3n, por medios digitales, en el formato aula abierta. A continuaci\u00f3n,<br>se detallan algunas de estas actividades desarrolladas:<br>Jornadas de trabajo docente 2022: Se llevaron adelante los d\u00edas 19 y 20 de octubre.<br>En estos espacios, se organiz\u00f3 un stand fijo en el cual se distribuyeron semillas y<br>plantines a los presentes, acompa\u00f1ado de carteler\u00eda que visibilizaba la importancia de<br>pensar la soberan\u00eda alimentaria en las instituciones educativas. Adem\u00e1s, una parte del<br>equipo docente present\u00f3 el proyecto de EDI y de extensi\u00f3n en las mesas de<br>socializaci\u00f3n.<\/p>\n\n\n\n<figure class=\"wp-block-gallery has-nested-images columns-default is-cropped wp-block-gallery-3 is-layout-flex\">\n<figure class=\"wp-block-image size-large\"><img decoding=\"async\" loading=\"lazy\" width=\"309\" height=\"270\" data-id=\"5095\"  src=\"https:\/\/ifdroca-rng.infd.edu.ar\/sitio\/wp-content\/uploads\/2024\/10\/foto-5-tabla.jpg\" alt=\"\" class=\"wp-image-5095\"\/><\/figure>\n\n\n\n<figure class=\"wp-block-image size-large\"><img decoding=\"async\" loading=\"lazy\" width=\"218\" height=\"269\" data-id=\"5096\"  src=\"https:\/\/ifdroca-rng.infd.edu.ar\/sitio\/wp-content\/uploads\/2024\/10\/foto-6-tabla.jpg\" alt=\"\" class=\"wp-image-5096\"\/><\/figure>\n<\/figure>\n\n\n\n<p>Intervenci\u00f3n en el merendero: d\u00eda 7 de noviembre del 2022. En esta actividad se<br>entregaron los recetarios realizados y se compartieron recetas que pon\u00edan en valor<br>alimentos de alto valor nutricional, pero, sin uso tan generalizado, con el fin de<br>reconocer los aspectos socio-culturales, econ\u00f3micos y pol\u00edticos que entran en juego<br>en estas pr\u00e1cticas.<br>A su vez se compartieron y degustaron alimentos saludables, a la vez que se<br>detallaron sus modos de elaboraci\u00f3n.<\/p>\n\n\n\n<figure class=\"wp-block-gallery has-nested-images columns-default is-cropped wp-block-gallery-5 is-layout-flex\">\n<figure class=\"wp-block-image size-large\"><img decoding=\"async\" loading=\"lazy\" width=\"549\" height=\"245\" data-id=\"5097\"  src=\"https:\/\/ifdroca-rng.infd.edu.ar\/sitio\/wp-content\/uploads\/2024\/10\/foto-7-tabla.jpg\" alt=\"\" class=\"wp-image-5097\"\/><\/figure>\n\n\n\n<figure class=\"wp-block-image size-large\"><img decoding=\"async\" loading=\"lazy\" width=\"549\" height=\"248\" data-id=\"5098\"  src=\"https:\/\/ifdroca-rng.infd.edu.ar\/sitio\/wp-content\/uploads\/2024\/10\/foto-8-tabla.jpg\" alt=\"\" class=\"wp-image-5098\"\/><\/figure>\n<\/figure>\n\n\n\n<p>Confecci\u00f3n del espacio aula abierta: uno de los aspectos centrales del proyecto de<br>extensi\u00f3n es pensar los procesos educativos desde una mirada colectiva, entendiendo<br>que es importante el trabajo con los espacios comunitarios y el \u201cafuera\u201d de las<br>instituciones educativas para propiciar una co-construcci\u00f3n de saberes que son<br>significativos en tanto se conectan con las necesidades y entornos locales. Desde esta<br>perspectiva, el proyecto de extensi\u00f3n de este a\u00f1o cierra con el dise\u00f1o de un sitio web,<br>en la modalidad de aula abierta, donde se suben, compartir, socializan experiencias,<br>materiales, insumos.<br>https:\/\/sites.google.com\/view\/soberania-alimentaria-ifdc\/inicio<br>En el a\u00f1o 2023, luego de hacer una evaluaci\u00f3n de las experiencias realizadas el<br>a\u00f1o anterior, se propici\u00f3 la participaci\u00f3n en otros espacios socio-comunitarios y<br>educativos, tambi\u00e9n conectando la propuesta de este proyecto de extensi\u00f3n con la<br>realizaci\u00f3n de un EDI que volvi\u00f3 a convocar en torno a nuevos ejes dentro del<br>abordaje general del concepto de soberan\u00eda. Pasamos a detallar algunas de las<br>acciones llevadas adelante:<\/p>\n\n\n\n<ul>\n<li>Participaci\u00f3n en la V jornada por una Educaci\u00f3n Intercultural organizada por el<br>instituto de Villa Regina: el espacio se desarroll\u00f3 los d\u00edas 30 de junio y 1 de<br>julio. La idea inicial era contribuir a un espacio de intercambio de semillas.<br>Finalmente, preparamos un stand para compartir semillas, pero, tambi\u00e9n<br>recetas, experiencias e informaci\u00f3n con les presentes.<\/li>\n<\/ul>\n","protected":false},"excerpt":{"rendered":"<p>\u201cCampo educativo y campo de disputa: la agroecolog\u00eda y lasoberan\u00eda alimentaria como proyectos educativos comunitarios\u201d Per\u00edodo: septiembre 2022 a julio de 2024 Breve fundamentaci\u00f3n El presente proyecto propone un trabajo articulado con instituciones educativas yorganizaciones sociales de la ciudad en vistas a problematizar, reflexionar y accionaren torno a la educaci\u00f3n alimentaria soberana y saludable. Concretamente,propondremos &#8230; <a title=\"Soberan\u00eda alimentaria\" class=\"read-more\" href=\"https:\/\/ifdroca-rng.infd.edu.ar\/sitio\/soberania-alimentaria\/\" aria-label=\"More on Soberan\u00eda alimentaria\">[+]<\/a><\/p>\n","protected":false},"author":521,"featured_media":0,"parent":0,"menu_order":0,"comment_status":"closed","ping_status":"closed","template":"","meta":[],"acf":[],"_links":{"self":[{"href":"https:\/\/ifdroca-rng.infd.edu.ar\/sitio\/wp-json\/wp\/v2\/pages\/5090"}],"collection":[{"href":"https:\/\/ifdroca-rng.infd.edu.ar\/sitio\/wp-json\/wp\/v2\/pages"}],"about":[{"href":"https:\/\/ifdroca-rng.infd.edu.ar\/sitio\/wp-json\/wp\/v2\/types\/page"}],"author":[{"embeddable":true,"href":"https:\/\/ifdroca-rng.infd.edu.ar\/sitio\/wp-json\/wp\/v2\/users\/521"}],"replies":[{"embeddable":true,"href":"https:\/\/ifdroca-rng.infd.edu.ar\/sitio\/wp-json\/wp\/v2\/comments?post=5090"}],"version-history":[{"count":1,"href":"https:\/\/ifdroca-rng.infd.edu.ar\/sitio\/wp-json\/wp\/v2\/pages\/5090\/revisions"}],"predecessor-version":[{"id":5100,"href":"https:\/\/ifdroca-rng.infd.edu.ar\/sitio\/wp-json\/wp\/v2\/pages\/5090\/revisions\/5100"}],"wp:attachment":[{"href":"https:\/\/ifdroca-rng.infd.edu.ar\/sitio\/wp-json\/wp\/v2\/media?parent=5090"}],"curies":[{"name":"wp","href":"https:\/\/api.w.org\/{rel}","templated":true}]}}