{"id":5388,"date":"2025-04-25T11:32:09","date_gmt":"2025-04-25T14:32:09","guid":{"rendered":"https:\/\/ifdroca-rng.infd.edu.ar\/sitio\/?page_id=5388"},"modified":"2026-03-31T18:16:50","modified_gmt":"2026-03-31T21:16:50","slug":"biblioteca","status":"publish","type":"page","link":"https:\/\/ifdroca-rng.infd.edu.ar\/sitio\/biblioteca\/","title":{"rendered":"\u00a1La biblioteca del IFDC de Fiske Menuko te da la bienvenida!"},"content":{"rendered":"<div class=\"wp-block-image\">\n<figure class=\"aligncenter size-full\"><img decoding=\"async\" loading=\"lazy\" width=\"797\" height=\"317\" src=\"https:\/\/ifdroca-rng.infd.edu.ar\/sitio\/wp-content\/uploads\/2025\/04\/biblioteca-2.png\" alt=\"\" class=\"wp-image-5391\" srcset=\"https:\/\/ifdroca-rng.infd.edu.ar\/sitio\/wp-content\/uploads\/2025\/04\/biblioteca-2.png 797w, https:\/\/ifdroca-rng.infd.edu.ar\/sitio\/wp-content\/uploads\/2025\/04\/biblioteca-2-768x305.png 768w\" sizes=\"(max-width: 797px) 100vw, 797px\" \/><\/figure><\/div>\n\n<div class=\"wp-block-image\">\n<figure class=\"aligncenter size-full\"><img decoding=\"async\" loading=\"lazy\" width=\"600\" height=\"400\" src=\"https:\/\/ifdroca-rng.infd.edu.ar\/sitio\/wp-content\/uploads\/2026\/03\/Horariosbiblio.png\" alt=\"\" class=\"wp-image-5915\"\/><\/figure><\/div>\n\n\n<p>En esos horarios pod\u00e9s acercarte para estudiar, trabajar en grupo, retirar libros, consultar por bibliograf\u00eda o programas de las materias, y mucho m\u00e1s.<\/p>\n\n\n<div class=\"wp-block-image\">\n<figure class=\"aligncenter size-full\"><img decoding=\"async\" loading=\"lazy\" width=\"600\" height=\"400\" src=\"https:\/\/ifdroca-rng.infd.edu.ar\/sitio\/wp-content\/uploads\/2026\/03\/Horarios-600-x-400-px-2.png\" alt=\"\" class=\"wp-image-5906\"\/><\/figure><\/div>\n\n\n<p class=\"has-text-align-right\">Te esperamos,<\/p>\n\n\n\n<p class=\"has-text-align-right\">Roc\u00edo y Andrea.<\/p>\n","protected":false},"excerpt":{"rendered":"<p>En esos horarios pod\u00e9s acercarte para estudiar, trabajar en grupo, retirar libros, consultar por bibliograf\u00eda o programas de las materias, y mucho m\u00e1s. Te esperamos, Roc\u00edo y Andrea.<\/p>\n","protected":false},"author":521,"featured_media":0,"parent":0,"menu_order":0,"comment_status":"closed","ping_status":"closed","template":"","meta":[],"acf":[],"_links":{"self":[{"href":"https:\/\/ifdroca-rng.infd.edu.ar\/sitio\/wp-json\/wp\/v2\/pages\/5388"}],"collection":[{"href":"https:\/\/ifdroca-rng.infd.edu.ar\/sitio\/wp-json\/wp\/v2\/pages"}],"about":[{"href":"https:\/\/ifdroca-rng.infd.edu.ar\/sitio\/wp-json\/wp\/v2\/types\/page"}],"author":[{"embeddable":true,"href":"https:\/\/ifdroca-rng.infd.edu.ar\/sitio\/wp-json\/wp\/v2\/users\/521"}],"replies":[{"embeddable":true,"href":"https:\/\/ifdroca-rng.infd.edu.ar\/sitio\/wp-json\/wp\/v2\/comments?post=5388"}],"version-history":[{"count":5,"href":"https:\/\/ifdroca-rng.infd.edu.ar\/sitio\/wp-json\/wp\/v2\/pages\/5388\/revisions"}],"predecessor-version":[{"id":5916,"href":"https:\/\/ifdroca-rng.infd.edu.ar\/sitio\/wp-json\/wp\/v2\/pages\/5388\/revisions\/5916"}],"wp:attachment":[{"href":"https:\/\/ifdroca-rng.infd.edu.ar\/sitio\/wp-json\/wp\/v2\/media?parent=5388"}],"curies":[{"name":"wp","href":"https:\/\/api.w.org\/{rel}","templated":true}]}}